{"id":1859,"date":"2024-06-21T12:37:21","date_gmt":"2024-06-21T10:37:21","guid":{"rendered":"http:\/\/webseite2023.heat-international.de\/jobs\/"},"modified":"2026-02-05T13:31:05","modified_gmt":"2026-02-05T12:31:05","slug":"jobs","status":"publish","type":"page","link":"https:\/\/www.heat-international.de\/de\/jobs\/","title":{"rendered":"Jobs"},"content":{"rendered":"<section class=\"l-section wpb_row us_custom_e8ccf947 en_opener_pages height_large color_alternate\"><div class=\"l-section-h i-cf\"><div class=\"g-cols vc_row via_flex valign_middle type_default stacking_default\"><div class=\"vc_col-sm-12 wpb_column vc_column_container\"><div class=\"vc_column-inner\"><div class=\"wpb_wrapper\"><\/div><\/div><\/div><\/div><\/div><\/section><section class=\"l-section wpb_row us_custom_6cb052c0 height_medium color_alternate\"><div class=\"l-section-h i-cf\"><div class=\"g-cols vc_row via_flex valign_top type_default stacking_default\"><div class=\"vc_col-sm-12 wpb_column vc_column_container\"><div class=\"vc_column-inner\"><div class=\"wpb_wrapper\"><div class=\"g-cols wpb_row via_flex valign_top type_default stacking_default\"><div class=\"vc_col-sm-6 wpb_column vc_column_container\"><div class=\"vc_column-inner\"><div class=\"wpb_wrapper\"><h1 class=\"w-text us_custom_c23d8d05 has_text_color us_animate_this\"><span class=\"w-text-h\"><span class=\"w-text-value\">Jobs<\/span><\/span><\/h1><\/div><\/div><\/div><div class=\"vc_col-sm-6 wpb_column vc_column_container\"><div class=\"vc_column-inner\"><div class=\"wpb_wrapper\"><\/div><\/div><\/div><\/div><div class=\"g-cols wpb_row via_flex valign_top type_default stacking_default\"><div class=\"vc_col-sm-6 wpb_column vc_column_container\"><div class=\"vc_column-inner\"><div class=\"wpb_wrapper\"><div class=\"wpb_text_column us_custom_9de87d4e\"><div class=\"wpb_wrapper\"><p>Die Entwicklung intelligenter Klimal\u00f6sungen und die Arbeit in einem internationalen Umfeld ist Ihr Ziel? Entdecken Sie unsere offenen Stellen!<\/p>\n<\/div><\/div><\/div><\/div><\/div><div class=\"vc_col-sm-6 wpb_column vc_column_container\"><div class=\"vc_column-inner\"><div class=\"wpb_wrapper\"><\/div><\/div><\/div><\/div><\/div><\/div><\/div><\/div><\/div><\/section><section class=\"l-section wpb_row height_large\"><div class=\"l-section-h i-cf\"><div class=\"g-cols vc_row via_flex valign_top type_default stacking_default\"><div class=\"vc_col-sm-12 wpb_column vc_column_container\"><div class=\"vc_column-inner\"><div class=\"wpb_wrapper\"><div class=\"g-cols wpb_row via_flex valign_top type_default stacking_default\"><div class=\"vc_col-sm-12 wpb_column vc_column_container\"><div class=\"vc_column-inner\"><div class=\"wpb_wrapper\"><h2 class=\"w-text us_custom_bb88260b has_text_color\"><span class=\"w-text-h\"><span class=\"w-text-value\">Offene Stellen<\/span><\/span><\/h2><div class=\"w-separator size_small\"><\/div><\/div><\/div><\/div><\/div><div class=\"g-cols wpb_row via_flex valign_top type_default stacking_default\"><div class=\"vc_col-sm-8 wpb_column vc_column_container\"><div class=\"vc_column-inner\"><div class=\"wpb_wrapper\"><div class=\"wpb_text_column\"><div class=\"wpb_wrapper\"><p><span>Sie sind hochmotiviert, haben eine professionelle und verantwortungsvolle Arbeitseinstellung mit einem hohen Ma\u00df an Flexibilit\u00e4t, sowie einen gr\u00fcndlichen und selbst\u00e4ndigen Arbeitsstil. Sie verf\u00fcgen \u00fcber hervorragende m\u00fcndliche und schriftliche Kommunikationsf\u00e4higkeiten und arbeiten gerne im Team? Dann freuen wir uns auf Ihre Bewerbung!<\/span><\/p>\n<p>Diese Positionen m\u00f6chten wir aktuell besetzen. Ein Klick auf den Titel \u00f6ffnet die detaillierte Jobbeschreibung:<\/p>\n<p>&nbsp;<\/p>\n<\/div><\/div><div class=\"w-tabs en_job_acc style_default switch_click accordion has_scrolling\" style=\"--sections-title-size:inherit\"><div class=\"w-tabs-sections titles-align_none icon_chevron cpos_right\"><div class=\"w-tabs-section\" id=\"y94d\"><button class=\"w-tabs-section-header\" aria-controls=\"content-y94d\" aria-expanded=\"false\"><h3 class=\"w-tabs-section-title\">Werkstudent*in Projektassistenz im Bereich Klimaschutz mit Fokus klimafreundliches K\u00fchlen, Heizen und Geb\u00e4ude<\/h3><div class=\"w-tabs-section-control\"><\/div><\/button><div  class=\"w-tabs-section-content\" id=\"content-y94d\"><div class=\"w-tabs-section-content-h i-cf\"><div class=\"wpb_text_column\"><div class=\"wpb_wrapper\"><p>Sie haben Interesse an Themen wie Klimapolitik, Energieeffizienz oder klimafreundlichen L\u00f6sungen f\u00fcr K\u00fchlen, Heizen und Geb\u00e4ude? Sie engagieren sich f\u00fcr den Klimaschutz und haben Freude an der Zusammenarbeit mit unterschiedlichen Akteuren auf nationaler und internationaler Ebene?<\/p>\n<p>Dann suchen wir genau Sie!<\/p>\n<h4>Was sie erwartet:<\/h4>\n<ul>\n<li>Ein Einblick in die vielf\u00e4ltige Consultingt\u00e4tigkeit im Bereich Klimaschutz und internationale Zusammenarbeit.<\/li>\n<li>Unterst\u00fctzung von Projekten zur F\u00f6rderung nat\u00fcrlicher K\u00e4ltemittel und Energieeffizienz<\/li>\n<li>Zusammenarbeit mit multidisziplin\u00e4ren Teams und Interessenvertretern, einschlie\u00dflich Regierungsbeh\u00f6rden, Nichtregierungsorganisationen und Organisationen des Privatsektors, um Strategien zur Eind\u00e4mmung des Klimawandels und zur Anpassung an den Klimawandel zu entwickeln und umzusetzen.<\/li>\n<li>Analyse von Technologietrends, sowie Mechanismen und Instrumenten in der internationalen Klimapolitik.<\/li>\n<li>Unterst\u00fctzung bei der Projektkommunikation (Social Media, Webseiten), der Organisation und Durchf\u00fchrung von Workshops.<\/li>\n<li>Unterst\u00fctzung der Projektentwicklung und Akquise.<\/li>\n<\/ul>\n<h4>Was wir suchen:<\/h4>\n<ul>\n<li>Sie absolvieren ihr Master-Studium im MINT- oder Nachhaltigkeitsbereich oder einem verwandten Fachbereich und haben noch mindestens zwei Semester zu absolvieren.<\/li>\n<li>Sie haben ein gutes Verst\u00e4ndnis von technischen Themen im Bezug auf umweltfreundliche Technologien, Energieeffizienz, oder Thermodynamik<\/li>\n<li>Sie bringen Leidenschaft f\u00fcr Nachhaltigkeit, internationale Zusammenarbeit und ein tiefes Verst\u00e4ndnis f\u00fcr die globale Klimakrise mit.<\/li>\n<li>Sie verf\u00fcgen \u00fcber sehr gute schriftliche und m\u00fcndliche Kommunikationsf\u00e4higkeiten und Erfahrung mit Social Media und Webseiten<\/li>\n<li>Sie sind sicher im Umgang mit Word, Excel und PPT<\/li>\n<li>Sie sprechen verhandlungssicher Deutsch und Englisch; eine weitere Fremdsprache (insbesondere Spanisch oder Franz\u00f6sisch) ist von Vorteil<\/li>\n<li>Wenn Sie Erfahrung in der Verarbeitung, Analyse und Interpretation von komplexen Datenmengen mit entsprechenden Programmen haben, ist dies von Vorteil.<\/li>\n<\/ul>\n<h4>Worauf Sie sich freuen k\u00f6nnen:<\/h4>\n<ul>\n<li>ein abwechslungsreiches Aufgabengebiet in einem \u00e4u\u00dferst engagierten, interdisziplin\u00e4ren Team<\/li>\n<li>eigenverantwortliches Arbeiten bei flacher Hierarchie<\/li>\n<li>eine intensive Einarbeitung in Ihren neuen Aufgabenbereich \u2013 und: Fragen sind erlaubt!<\/li>\n<li>ein offenes, unkompliziertes Team, welches Wert auf eine angenehme, respektvolle Zusammenarbeit legt und sich gegenseitig unterst\u00fctzt<\/li>\n<li>ein herrlich ruhig gelegenes B\u00fcro in einer super Lage &#8211; mitten im K\u00f6nigsteiner Kurpark<\/li>\n<\/ul>\n<\/div><\/div><\/div><\/div><\/div><\/div><\/div><\/div><\/div><\/div><div class=\"vc_col-sm-4 wpb_column vc_column_container\"><div class=\"vc_column-inner\"><div class=\"wpb_wrapper\"><div class=\"wpb_text_column\"><div class=\"wpb_wrapper\"><h3>Sie m\u00f6chten sich bewerben?<\/h3>\n<p>Bitte senden Sie uns Ihre aussagekr\u00e4ftigen Bewerbungsunterlagen unter Angabe Ihrer Gehaltsvorstellung, des fr\u00fchestm\u00f6glichen Eintrittstermins und Ihres Sprachniveaus gem\u00e4\u00df dem Europ\u00e4ischen Referenzrahmen <a href=\"http:\/\/www.europaeischer-referenzrahmen.de\" target=\"_blank\" rel=\"noopener\">http:\/\/www.europaeischer-referenzrahmen.de<\/a> per E-Mail. Interviews mit KandidatInnen finden so bald wie m\u00f6glich statt.<\/p>\n<p>Ihre Ansprechpartnerin ist Claudia Becker<br \/>\nE-Mail: <a href=\"mailto:jobs@heat-international.de\">jobs@heat-international.de<\/a><br \/>\nTel.: +49 61 74 94 03 70 4<br \/>\nB\u00fcro +49 61 74 96 97 40 (head office)<\/p>\n<h3>Keine passende Ausschreibung?<\/h3>\n<p>Senden Sie uns gern eine Initiativbewerbung f\u00fcr unser B\u00fcro in K\u00f6nigstein im Taunus, in der N\u00e4he von Frankfurt<\/p>\n<\/div><\/div><\/div><\/div><\/div><\/div><\/div><\/div><\/div><\/div><\/div><\/section>\n","protected":false},"excerpt":{"rendered":"JobsDie Entwicklung intelligenter Klimal\u00f6sungen und die Arbeit in einem internationalen Umfeld ist Ihr Ziel? Entdecken Sie unsere offenen Stellen! Offene StellenSie sind hochmotiviert, haben eine professionelle und verantwortungsvolle Arbeitseinstellung mit einem hohen Ma\u00df an Flexibilit\u00e4t, sowie einen gr\u00fcndlichen und selbst\u00e4ndigen Arbeitsstil. Sie verf\u00fcgen \u00fcber hervorragende m\u00fcndliche und schriftliche Kommunikationsf\u00e4higkeiten und arbeiten gerne im Team? Dann...","protected":false},"author":5,"featured_media":2240,"parent":0,"menu_order":0,"comment_status":"closed","ping_status":"closed","template":"","meta":{"_acf_changed":false,"footnotes":""},"class_list":["post-1859","page","type-page","status-publish","has-post-thumbnail","hentry"],"acf":[],"_links":{"self":[{"href":"https:\/\/www.heat-international.de\/de\/wp-json\/wp\/v2\/pages\/1859","targetHints":{"allow":["GET"]}}],"collection":[{"href":"https:\/\/www.heat-international.de\/de\/wp-json\/wp\/v2\/pages"}],"about":[{"href":"https:\/\/www.heat-international.de\/de\/wp-json\/wp\/v2\/types\/page"}],"author":[{"embeddable":true,"href":"https:\/\/www.heat-international.de\/de\/wp-json\/wp\/v2\/users\/5"}],"replies":[{"embeddable":true,"href":"https:\/\/www.heat-international.de\/de\/wp-json\/wp\/v2\/comments?post=1859"}],"version-history":[{"count":5,"href":"https:\/\/www.heat-international.de\/de\/wp-json\/wp\/v2\/pages\/1859\/revisions"}],"predecessor-version":[{"id":3679,"href":"https:\/\/www.heat-international.de\/de\/wp-json\/wp\/v2\/pages\/1859\/revisions\/3679"}],"wp:featuredmedia":[{"embeddable":true,"href":"https:\/\/www.heat-international.de\/de\/wp-json\/wp\/v2\/media\/2240"}],"wp:attachment":[{"href":"https:\/\/www.heat-international.de\/de\/wp-json\/wp\/v2\/media?parent=1859"}],"curies":[{"name":"wp","href":"https:\/\/api.w.org\/{rel}","templated":true}]}}