{"id":1850,"date":"2024-01-08T15:38:41","date_gmt":"2024-01-08T14:38:41","guid":{"rendered":"http:\/\/webseite2023.heat-international.de\/business-areas\/klimafreundlich-heizen-kuehlen-gebaeude\/"},"modified":"2024-11-04T13:42:47","modified_gmt":"2024-11-04T12:42:47","slug":"heizen-kuehlen-gebaeude","status":"publish","type":"page","link":"https:\/\/www.heat-international.de\/de\/business-areas\/heizen-kuehlen-gebaeude\/","title":{"rendered":"Heizen, k\u00fchlen &#038; Geb\u00e4ude"},"content":{"rendered":"<section class=\"l-section wpb_row us_custom_e8ccf947 en_opener_pages height_large color_alternate\"><div class=\"l-section-h i-cf\"><div class=\"g-cols vc_row via_flex valign_middle type_default stacking_default\"><div class=\"vc_col-sm-12 wpb_column vc_column_container\"><div class=\"vc_column-inner\"><div class=\"wpb_wrapper\"><\/div><\/div><\/div><\/div><\/div><\/section><section class=\"l-section wpb_row us_custom_2cec4980 height_medium color_alternate\"><div class=\"l-section-h i-cf\"><div class=\"g-cols vc_row via_flex valign_top type_default stacking_default\"><div class=\"vc_col-sm-12 wpb_column vc_column_container\"><div class=\"vc_column-inner\"><div class=\"wpb_wrapper\"><h1 class=\"w-text us_custom_0ef19fbb has_text_color us_animate_this\"><span class=\"w-text-h\"><span class=\"w-text-value\">Heizen, k\u00fchlen und Geb\u00e4ude<\/span><\/span><\/h1><div class=\"g-cols wpb_row via_flex valign_top type_default stacking_default\"><div class=\"vc_col-sm-6 wpb_column vc_column_container\"><div class=\"vc_column-inner\"><div class=\"wpb_wrapper\"><div class=\"wpb_text_column us_custom_9de87d4e\"><div class=\"wpb_wrapper\"><p>Die Sektoren Heizen, K\u00fchlen und Geb\u00e4ude z\u00e4hlen zu den gr\u00f6\u00dften Verursachern globaler Emissionen. Unsere Mission ist der Aufbau einer F-Gas freien K\u00fchlung \u00fcber alle Stufen der K\u00fchlkette, sowie die Dekarbonisierung des Geb\u00e4udesektors im Wohn-, Gewerbe- und Industriebereich.<\/p>\n<\/div><\/div><\/div><\/div><\/div><div class=\"vc_col-sm-6 wpb_column vc_column_container\"><div class=\"vc_column-inner\"><div class=\"wpb_wrapper\"><div class=\"wpb_text_column us_custom_9de87d4e\"><div class=\"wpb_wrapper\"><p>Wir unterst\u00fctzen Nationen und Institutionen durch umfassende politische und technische Beratung, um das enorme Potenzial zur Minderung von Treibhausgasen in diesen Sektoren zu erschlie\u00dfen und die Entwicklung und Umsetzung von Strategien f\u00fcr eine kohlenstoffarme Wirtschaft zu steuern.<\/p>\n<\/div><\/div><\/div><\/div><\/div><\/div><\/div><\/div><\/div><\/div><\/div><\/section><section class=\"l-section wpb_row us_custom_19737bc8 height_large\"><div class=\"l-section-h i-cf\"><div class=\"g-cols vc_row via_flex valign_top type_default stacking_default\"><div class=\"vc_col-sm-12 wpb_column vc_column_container\"><div class=\"vc_column-inner\"><div class=\"wpb_wrapper\"><div class=\"g-cols wpb_row via_flex valign_top type_default stacking_default\"><div class=\"vc_col-sm-12 wpb_column vc_column_container\"><div class=\"vc_column-inner\"><div class=\"wpb_wrapper\"><h2 class=\"w-text us_custom_b0761954 has_text_color\"><span class=\"w-text-h\"><span class=\"w-text-value\">Unsere Dienstleistungen<\/span><\/span><\/h2><div class=\"w-separator size_small\"><\/div><\/div><\/div><\/div><\/div><div class=\"g-cols wpb_row via_flex valign_top type_default stacking_default\"><div class=\"vc_col-sm-12 vc_col-lg-6 vc_col-md-6 vc_col-xs-12 wpb_column vc_column_container\"><div class=\"vc_column-inner\"><div class=\"wpb_wrapper\"><div class=\"wpb_text_column\"><div class=\"wpb_wrapper\"><ul>\n<li>Ausarbeitung von Leitlinien und Roadmaps f\u00fcr den Ausstieg aus H-FCKWs und HFKW im Einklang mit dem Montreal Protocol.<\/li>\n<li>Erstellung von Treibhausgasemissionsinventaren gem\u00e4\u00df IPCC Methodenrichtlinien<\/li>\n<li>Entwicklung nationaler und sektorspezifischer Strategien zur Emissionsminderung<\/li>\n<li>Formulierung von National Cooling Action Plans (NCAP)<\/li>\n<li>Einf\u00fchrung und Anpassung von Mindestenergieeffizienzstandards (MEPS) und Labels f\u00fcr K\u00fchlger\u00e4te<\/li>\n<li>Einrichtung umfassender MRV-Systeme (Monitoring, Reporting and Verification) zur \u00dcberpr\u00fcfung von Fortschritten und Auswirkungen<\/li>\n<\/ul>\n<\/div><\/div><\/div><\/div><\/div><div class=\"vc_col-sm-12 vc_col-lg-6 vc_col-md-6 vc_col-xs-12 wpb_column vc_column_container\"><div class=\"vc_column-inner\"><div class=\"wpb_wrapper\"><div class=\"wpb_text_column\"><div class=\"wpb_wrapper\"><ul>\n<li>Unterst\u00fctzung von Gesetzgebungsprozessen zur F\u00f6rderung umweltfreundlicher Technologien durch Gesetze, Verordnungen und Normen<\/li>\n<li>Entwicklung spezifischer Trainingsprogramme f\u00fcr Fachpersonal und Dienstleister im K\u00e4lte-Klimabereich<\/li>\n<li>Durchf\u00fchrung von technischen Bewertungen und Machbarkeitsstudien zur Ermittlung der Rentabilit\u00e4t von Projekten<\/li>\n<li>Technische Unterst\u00fctzung von Engineering-Projekten und F\u00f6rderung von Technologietransfer<\/li>\n<\/ul>\n<\/div><\/div><\/div><\/div><\/div><\/div><\/div><\/div><\/div><\/div><\/div><\/section><section class=\"l-section wpb_row us_custom_19737bc8 height_large\"><div class=\"l-section-h i-cf\"><div class=\"g-cols vc_row via_flex valign_top type_default stacking_default\"><div class=\"vc_col-sm-12 wpb_column vc_column_container\"><div class=\"vc_column-inner\"><div class=\"wpb_wrapper\"><div class=\"g-cols wpb_row via_flex valign_top type_default stacking_default\"><div class=\"vc_col-sm-12 wpb_column vc_column_container\"><div class=\"vc_column-inner\"><div class=\"wpb_wrapper\"><h2 class=\"w-text us_custom_b0761954 has_text_color\"><span class=\"w-text-h\"><span class=\"w-text-value\">Leuchtturmprojekte<\/span><\/span><\/h2><div class=\"w-separator size_medium\"><\/div><div class=\"w-grid us_grid type_grid layout_1213 en_project_grid_new en_grid cols_3 overflow_hidden preload_style_spinner with_css_animation\" id=\"us_grid_1\" style=\"--columns:3;--gap:1rem;\"><style>@media (max-width:1024px){#us_grid_1{--columns:2!important}}@media (max-width:768px){#us_grid_1{--columns:1!important}}.layout_1213 .w-grid-item-h{}.layout_1213 .usg_post_title_1{color:var(--color-alt-content-heading)!important;font-size:clamp(1.111rem,0.995rem + 0.273vw,1.222rem)!important;text-transform:uppercase!important;padding:1.1rem 1.2rem 1.1rem 1.2rem!important}.layout_1213 .usg_hwrapper_1{color:var(--color-content-text)!important;font-size:14px!important;font-weight:700!important;text-transform:uppercase!important;padding:1.2rem!important}.layout_1213 .usg_post_taxonomy_1{color:var(--color-content-heading)!important}.layout_1213 .usg_vwrapper_1{color:var(--color-content-text)!important;font-size:14px!important;font-weight:700!important;text-transform:uppercase!important;padding:1.4rem 1.2rem 0 1.2rem!important}.layout_1213 .usg_post_taxonomy_3{color:var(--color-content-heading)!important}<\/style><div class=\"w-grid-list\">\t<article class=\"w-grid-item us_animate_afr size_1x1 post-2454 project type-project status-publish has-post-thumbnail hentry project-category-hkg project-status-laufend project-country-indien project-country-indonesien project-country-kambodscha-de project-country-thailand-de project-country-vietnam-de project-tag-gebaeude project-tag-minderung\" data-id=\"2454\" style=\"animation-delay:0s\">\r\n\t\t<div class=\"w-grid-item-h\">\r\n\t\t\t\t\t\t\t<a href=\"https:\/\/www.heat-international.de\/de\/projekt\/die-kohlenstoffarme-gebaudewende-in-asien-alcbt\/\" class=\"w-grid-item-anchor\" aria-label=\"Die kohlenstoffarme Geb\u00e4udewende in Asien (ALCBT)\"><\/a>\r\n\t\t\t\t\t\t<div class=\"w-hwrapper usg_hwrapper_1 has_text_color align_justify valign_middle\"><div class=\"w-html usg_html_1\"><i class=\"fas fa-search\"><\/i> Project<\/div><div class=\"w-post-elm post_taxonomy usg_post_taxonomy_2 style_simple color_link_inherit\"><i class=\"fas fa-sliders-v-square\"><\/i><span class=\"term-76 term-laufend\">laufend<\/span><\/div><\/div><div class=\"w-post-elm post_image usg_post_image_1 has_ratio\"><img decoding=\"async\" width=\"1024\" height=\"691\" src=\"https:\/\/www.heat-international.de\/wp-content\/uploads\/2024\/07\/9-1024x691.png\" class=\"attachment-large size-large wp-post-image\" alt=\"\" title=\"9\"><div style=\"padding-bottom:56.25%\"><\/div><\/div><div class=\"w-vwrapper usg_vwrapper_1 has_text_color align_none valign_top\"><div class=\"w-post-elm post_taxonomy usg_post_taxonomy_1 has_text_color style_simple color_link_inherit\"><i class=\"fas fa-project-diagram\"><\/i><span class=\"term-73 term-hkg\">Heizen, k\u00fchlen &amp; Geb\u00e4ude<\/span><\/div><div class=\"w-post-elm post_taxonomy usg_post_taxonomy_3 has_text_color style_simple color_link_inherit\"><i class=\"fas fa-globe\"><\/i><span class=\"term-223 term-indien\">Indien<\/span><b>, <\/b><span class=\"term-201 term-indonesien\">Indonesien<\/span><b>, <\/b><span class=\"term-194 term-kambodscha-de\">Kambodscha<\/span><b>, <\/b><span class=\"term-215 term-thailand-de\">Thailand<\/span><b>, <\/b><span class=\"term-177 term-vietnam-de\">Vietnam<\/span><\/div><\/div><h3 class=\"w-post-elm post_title usg_post_title_1 has_text_color entry-title color_link_inherit\">Die kohlenstoffarme Geb\u00e4udewende in Asien (ALCBT)<\/h3>\t\t<\/div>\r\n\t\t\t<\/article>\r\n\t<article class=\"w-grid-item us_animate_afr size_1x1 post-1873 project type-project status-publish has-post-thumbnail hentry project-category-hkg project-category-klimaschutz project-status-beendet project-country-costa-rica-de project-country-grenada-de project-country-iran-de project-country-kuba project-country-philippinen project-country-vietnam-de project-tag-minderung project-tag-natuerliche-kaeltemittel\" data-id=\"1873\" style=\"animation-delay:0.1s\">\r\n\t\t<div class=\"w-grid-item-h\">\r\n\t\t\t\t\t\t\t<a href=\"https:\/\/www.heat-international.de\/de\/projekt\/cool-contributions-kuehlen-gegen-den-klimawandel-c4-politikberatung-und-technische-unterstuetzung-phase-i\/\" class=\"w-grid-item-anchor\" aria-label=\"Cool Contributions &#8211; K\u00fchlen gegen den Klimawandel (C4) \u2013 Politikberatung und technische Unterst\u00fctzung  (Phase I)\"><\/a>\r\n\t\t\t\t\t\t<div class=\"w-hwrapper usg_hwrapper_1 has_text_color align_justify valign_middle\"><div class=\"w-html usg_html_1\"><i class=\"fas fa-search\"><\/i> Project<\/div><div class=\"w-post-elm post_taxonomy usg_post_taxonomy_2 style_simple color_link_inherit\"><i class=\"fas fa-sliders-v-square\"><\/i><span class=\"term-75 term-beendet\">beendet<\/span><\/div><\/div><div class=\"w-post-elm post_image usg_post_image_1 has_ratio\"><img decoding=\"async\" width=\"1024\" height=\"683\" src=\"https:\/\/www.heat-international.de\/wp-content\/uploads\/2024\/07\/iStock-1343554481-1024x683.jpg\" class=\"attachment-large size-large wp-post-image\" alt=\"\" title=\"Thailand, Flood, Climate Change, Water, Accidents and Disasters\"><div style=\"padding-bottom:56.25%\"><\/div><\/div><div class=\"w-vwrapper usg_vwrapper_1 has_text_color align_none valign_top\"><div class=\"w-post-elm post_taxonomy usg_post_taxonomy_1 has_text_color style_simple color_link_inherit\"><i class=\"fas fa-project-diagram\"><\/i><span class=\"term-73 term-hkg\">Heizen, k\u00fchlen &amp; Geb\u00e4ude<\/span><b>, <\/b><span class=\"term-72 term-klimaschutz\">Klimaschutz<\/span><\/div><div class=\"w-post-elm post_taxonomy usg_post_taxonomy_3 has_text_color style_simple color_link_inherit\"><i class=\"fas fa-globe\"><\/i><span class=\"term-172 term-costa-rica-de\">Costa Rica<\/span><b>, <\/b><span class=\"term-174 term-grenada-de\">Grenada<\/span><b>, <\/b><span class=\"term-175 term-iran-de\">Iran<\/span><b>, <\/b><span class=\"term-173 term-kuba\">Kuba<\/span><b>, <\/b><span class=\"term-176 term-philippinen\">Philippinen<\/span><b>, <\/b><span class=\"term-177 term-vietnam-de\">Vietnam<\/span><\/div><\/div><h3 class=\"w-post-elm post_title usg_post_title_1 has_text_color entry-title color_link_inherit\">Cool Contributions &#8211; K\u00fchlen gegen den Klimawandel (C4) \u2013 Politikberatung und technische Unterst\u00fctzung  (Phase I)<\/h3>\t\t<\/div>\r\n\t\t\t<\/article>\r\n\t<article class=\"w-grid-item us_animate_afr size_1x1 post-2215 project type-project status-publish has-post-thumbnail hentry project-category-hkg project-status-laufend project-country-aegypten project-country-brasilien project-country-burkina-faso-de project-country-china-de project-country-indien project-country-iran-de project-country-kenia project-country-kolumbien project-country-lesotho-de project-country-liberia-de project-country-mauritius-de project-country-mexiko project-country-papua-neuguinea project-country-seychellen project-country-togo-de project-tag-gebaeude project-tag-kuehlung project-tag-minderung project-tag-natuerliche-kaeltemittel\" data-id=\"2215\" style=\"animation-delay:0.2s\">\r\n\t\t<div class=\"w-grid-item-h\">\r\n\t\t\t\t\t\t\t<a href=\"https:\/\/www.heat-international.de\/de\/projekt\/ozonfonds-deutscher-beratungs-und-investitionsfonds-fuer-den-ozonschutz-politikberatung-technische-unterstuetzung-und-standards-kapazitaetsentwicklung\/\" class=\"w-grid-item-anchor\" aria-label=\"Ozonfonds (Deutscher Beratungs- und Investitionsfonds f\u00fcr den Ozonschutz) &#8211; Politikberatung, technische Unterst\u00fctzung und Standards, Kapazit\u00e4tsentwicklung\"><\/a>\r\n\t\t\t\t\t\t<div class=\"w-hwrapper usg_hwrapper_1 has_text_color align_justify valign_middle\"><div class=\"w-html usg_html_1\"><i class=\"fas fa-search\"><\/i> Project<\/div><div class=\"w-post-elm post_taxonomy usg_post_taxonomy_2 style_simple color_link_inherit\"><i class=\"fas fa-sliders-v-square\"><\/i><span class=\"term-76 term-laufend\">laufend<\/span><\/div><\/div><div class=\"w-post-elm post_image usg_post_image_1 has_ratio\"><img decoding=\"async\" width=\"1024\" height=\"683\" src=\"https:\/\/www.heat-international.de\/wp-content\/uploads\/2024\/07\/Train-the-Trainer-Course-Split-AC-in-Manaus-Brazil-1-1024x683.jpg\" class=\"attachment-large size-large wp-post-image\" alt=\"\" title=\"Train the Trainer Course Split AC in Manaus Brazil\"><div style=\"padding-bottom:56.25%\"><\/div><\/div><div class=\"w-vwrapper usg_vwrapper_1 has_text_color align_none valign_top\"><div class=\"w-post-elm post_taxonomy usg_post_taxonomy_1 has_text_color style_simple color_link_inherit\"><i class=\"fas fa-project-diagram\"><\/i><span class=\"term-73 term-hkg\">Heizen, k\u00fchlen &amp; Geb\u00e4ude<\/span><\/div><div class=\"w-post-elm post_taxonomy usg_post_taxonomy_3 has_text_color style_simple color_link_inherit\"><i class=\"fas fa-globe\"><\/i><span class=\"term-198 term-aegypten\">\u00c4gypten<\/span><b>, <\/b><span class=\"term-192 term-brasilien\">Brasilien<\/span><b>, <\/b><span class=\"term-193 term-burkina-faso-de\">Burkina Faso<\/span><b>, <\/b><span class=\"term-222 term-china-de\">China<\/span><b>, <\/b><span class=\"term-223 term-indien\">Indien<\/span><b>, <\/b><span class=\"term-175 term-iran-de\">Iran<\/span><b>, <\/b><span class=\"term-203 term-kenia\">Kenia<\/span><b>, <\/b><span class=\"term-195 term-kolumbien\">Kolumbien<\/span><b>, <\/b><span class=\"term-206 term-lesotho-de\">Lesotho<\/span><b>, <\/b><span class=\"term-207 term-liberia-de\">Liberia<\/span><b>, <\/b><span class=\"term-208 term-mauritius-de\">Mauritius<\/span><b>, <\/b><span class=\"term-209 term-mexiko\">Mexiko<\/span><b>, <\/b><span class=\"term-211 term-papua-neuguinea\">Papua-Neuguinea<\/span><b>, <\/b><span class=\"term-213 term-seychellen\">Seychellen<\/span><b>, <\/b><span class=\"term-216 term-togo-de\">Togo<\/span><\/div><\/div><h3 class=\"w-post-elm post_title usg_post_title_1 has_text_color entry-title color_link_inherit\">Ozonfonds (Deutscher Beratungs- und Investitionsfonds f\u00fcr den Ozonschutz) &#8211; Politikberatung, technische Unterst\u00fctzung und Standards, Kapazit\u00e4tsentwicklung<\/h3>\t\t<\/div>\r\n\t\t\t<\/article>\r\n<\/div>\t<div class=\"w-grid-preloader\">\r\n\t\t<div class=\"g-preloader type_1\">\r\n\t\t\t<div><\/div>\r\n\t\t<\/div>\r\n\t<\/div>\r\n\t\t<div class=\"w-grid-json hidden\" onclick='return {&quot;action&quot;:&quot;us_ajax_grid&quot;,&quot;infinite_scroll&quot;:0,&quot;max_num_pages&quot;:1,&quot;pagination&quot;:&quot;none&quot;,&quot;template_vars&quot;:{&quot;columns&quot;:&quot;3&quot;,&quot;exclude_items&quot;:&quot;none&quot;,&quot;img_size&quot;:&quot;default&quot;,&quot;ignore_items_size&quot;:0,&quot;items_layout&quot;:&quot;1213&quot;,&quot;items_offset&quot;:&quot;1&quot;,&quot;load_animation&quot;:&quot;afr&quot;,&quot;overriding_link&quot;:&quot;%7B%22type%22%3A%22post%22%7D&quot;,&quot;post_id&quot;:0,&quot;query_args&quot;:{&quot;ignore_sticky_posts&quot;:1,&quot;post_type&quot;:&quot;any&quot;,&quot;post__in&quot;:[&quot;2445&quot;,&quot;1610&quot;,&quot;2188&quot;],&quot;posts_per_page&quot;:&quot;3&quot;},&quot;orderby_query_args&quot;:{&quot;orderby&quot;:{&quot;post__in&quot;:&quot;ASC&quot;},&quot;order&quot;:&quot;ASC&quot;},&quot;type&quot;:&quot;grid&quot;,&quot;us_grid_post_type&quot;:&quot;ids&quot;,&quot;us_grid_ajax_index&quot;:1,&quot;us_grid_filter_query_string&quot;:null,&quot;us_grid_index&quot;:1,&quot;page_args&quot;:[],&quot;lang&quot;:&quot;de&quot;}}'><\/div>\r\n\t<\/div><\/div><\/div><\/div><\/div><\/div><\/div><\/div><\/div><\/div><\/section><section class=\"l-section wpb_row height_large\" id=\"team\"><div class=\"l-section-h i-cf\"><div class=\"g-cols vc_row via_flex valign_top type_default stacking_default\"><div class=\"vc_col-sm-12 wpb_column vc_column_container\"><div class=\"vc_column-inner\"><div class=\"wpb_wrapper\"><h2 class=\"w-text us_custom_b0761954 has_text_color\"><span class=\"w-text-h\"><span class=\"w-text-value\">Kontakt<\/span><\/span><\/h2><div class=\"w-separator size_small\"><\/div><div class=\"w-grid us_grid type_grid layout_800 cols_2 preload_style_spinner\" id=\"us_grid_2\" style=\"--columns:2;--gap:1.5rem;\"><style>@media (max-width:768px){#us_grid_2{--columns:1!important}}.layout_800 .w-grid-item-h{}.layout_800 .usg_post_image_1{width:6rem!important;margin-right:1rem!important}.layout_800 .usg_post_custom_field_1{line-height:1.5!important;font-weight:700!important;margin-bottom:0!important}.layout_800 .usg_post_custom_field_2{color:var(--color-content-faded)!important;font-size:0.9rem!important;line-height:1.5!important}.layout_800 .usg_post_custom_field_4{line-height:1.5!important;font-weight:700!important;margin-bottom:0!important}.layout_800 .usg_hwrapper_3{margin-top:0.5rem!important}<\/style><div class=\"w-grid-list\">\t<article class=\"w-grid-item size_1x1 post-1295 team type-team status-publish has-post-thumbnail hentry team-category-consulting-team team-status-active\" data-id=\"1295\">\r\n\t\t<div class=\"w-grid-item-h\">\r\n\t\t\t\t\t\t<div class=\"w-hwrapper usg_hwrapper_1 valign_middle\"><div class=\"w-post-elm post_image usg_post_image_1 has_width stretched\"><img decoding=\"async\" width=\"225\" height=\"300\" src=\"https:\/\/www.heat-international.de\/wp-content\/uploads\/2024\/06\/HEAT-team-claudia2-225x300.png\" class=\"attachment-medium size-medium wp-post-image\" alt=\"\" srcset=\"https:\/\/www.heat-international.de\/wp-content\/uploads\/2024\/06\/HEAT-team-claudia2-225x300.png 225w, https:\/\/www.heat-international.de\/wp-content\/uploads\/2024\/06\/HEAT-team-claudia2.png 600w\" sizes=\"(max-width: 225px) 100vw, 225px\" title=\"HEAT team-claudia2\"><\/div><div class=\"w-vwrapper usg_vwrapper_1\"><div class=\"w-hwrapper usg_hwrapper_2 wrap\" style=\"--hwrapper-gap:5px\"><div class=\"w-post-elm post_custom_field usg_post_custom_field_1 type_text team_first_name\"><span class=\"w-post-elm-value\">Claudia <\/span><\/div><div class=\"w-post-elm post_custom_field usg_post_custom_field_4 type_text team_last_name\"><span class=\"w-post-elm-value\">Becker<\/span><\/div><\/div><div class=\"w-post-elm post_custom_field usg_post_custom_field_2 has_text_color type_text team_function color_link_inherit\"><span class=\"w-post-elm-value\">Business Area Coordinator Heating, Cooling & Buildings<\/span><\/div><div class=\"w-hwrapper usg_hwrapper_3\" style=\"--hwrapper-gap:0.3rem\"><a class=\"w-btn us-btn-style_6 usg_btn_1 icon_atleft text_none\" aria-label=\"Button\" href=\"mailto:Claudia.becker@heat-international.de\"><i class=\"fas fa-envelope\"><\/i><\/a><a class=\"w-btn us-btn-style_6 usg_btn_2 icon_atleft text_none\" aria-label=\"Button\" target=\"_blank\" href=\"https:\/\/www.linkedin.com\/in\/claudia-becker-75521592\/\" rel=\"noopener\"><i class=\"fab fa-linkedin\"><\/i><\/a><a class=\"w-btn us-btn-style_6 usg_btn_3 en_icon_btn\" href=\"https:\/\/www.heat-international.de\/de\/team\/claudia-becker\/\"><span class=\"w-btn-label\">View Profile<\/span><\/a><\/div><\/div><\/div>\t\t<\/div>\r\n\t\t\t<\/article>\r\n<\/div>\t<div class=\"w-grid-preloader\">\r\n\t\t<div class=\"g-preloader type_1\">\r\n\t\t\t<div><\/div>\r\n\t\t<\/div>\r\n\t<\/div>\r\n\t\t<div class=\"w-grid-json hidden\" onclick='return {&quot;action&quot;:&quot;us_ajax_grid&quot;,&quot;infinite_scroll&quot;:0,&quot;max_num_pages&quot;:1,&quot;pagination&quot;:&quot;none&quot;,&quot;template_vars&quot;:{&quot;columns&quot;:&quot;2&quot;,&quot;exclude_items&quot;:&quot;none&quot;,&quot;img_size&quot;:&quot;default&quot;,&quot;ignore_items_size&quot;:0,&quot;items_layout&quot;:&quot;800&quot;,&quot;items_offset&quot;:&quot;1&quot;,&quot;load_animation&quot;:&quot;none&quot;,&quot;overriding_link&quot;:&quot;%7B%22url%22%3A%22%22%7D&quot;,&quot;post_id&quot;:0,&quot;query_args&quot;:{&quot;ignore_sticky_posts&quot;:1,&quot;post_type&quot;:&quot;any&quot;,&quot;post__in&quot;:[&quot;1295&quot;],&quot;posts_per_page&quot;:999},&quot;orderby_query_args&quot;:{&quot;orderby&quot;:{&quot;title&quot;:&quot;ASC&quot;},&quot;order&quot;:&quot;ASC&quot;},&quot;type&quot;:&quot;grid&quot;,&quot;us_grid_post_type&quot;:&quot;ids&quot;,&quot;us_grid_ajax_index&quot;:2,&quot;us_grid_filter_query_string&quot;:null,&quot;us_grid_index&quot;:2,&quot;page_args&quot;:[],&quot;lang&quot;:&quot;de&quot;}}'><\/div>\r\n\t<\/div><\/div><\/div><\/div><\/div><\/div><\/section>\n","protected":false},"excerpt":{"rendered":"","protected":false},"author":5,"featured_media":3688,"parent":1836,"menu_order":0,"comment_status":"closed","ping_status":"closed","template":"","meta":{"_acf_changed":false,"footnotes":""},"class_list":["post-1850","page","type-page","status-publish","has-post-thumbnail","hentry"],"acf":[],"_links":{"self":[{"href":"https:\/\/www.heat-international.de\/de\/wp-json\/wp\/v2\/pages\/1850","targetHints":{"allow":["GET"]}}],"collection":[{"href":"https:\/\/www.heat-international.de\/de\/wp-json\/wp\/v2\/pages"}],"about":[{"href":"https:\/\/www.heat-international.de\/de\/wp-json\/wp\/v2\/types\/page"}],"author":[{"embeddable":true,"href":"https:\/\/www.heat-international.de\/de\/wp-json\/wp\/v2\/users\/5"}],"replies":[{"embeddable":true,"href":"https:\/\/www.heat-international.de\/de\/wp-json\/wp\/v2\/comments?post=1850"}],"version-history":[{"count":0,"href":"https:\/\/www.heat-international.de\/de\/wp-json\/wp\/v2\/pages\/1850\/revisions"}],"up":[{"embeddable":true,"href":"https:\/\/www.heat-international.de\/de\/wp-json\/wp\/v2\/pages\/1836"}],"wp:featuredmedia":[{"embeddable":true,"href":"https:\/\/www.heat-international.de\/de\/wp-json\/wp\/v2\/media\/3688"}],"wp:attachment":[{"href":"https:\/\/www.heat-international.de\/de\/wp-json\/wp\/v2\/media?parent=1850"}],"curies":[{"name":"wp","href":"https:\/\/api.w.org\/{rel}","templated":true}]}}