{"id":1847,"date":"2024-01-08T15:38:57","date_gmt":"2024-01-08T14:38:57","guid":{"rendered":"http:\/\/webseite2023.heat-international.de\/business-areas\/sustainable-transport\/"},"modified":"2024-11-04T13:42:48","modified_gmt":"2024-11-04T12:42:48","slug":"sustainable-transport","status":"publish","type":"page","link":"https:\/\/www.heat-international.de\/de\/business-areas\/sustainable-transport\/","title":{"rendered":"Sustainable transport"},"content":{"rendered":"<section class=\"l-section wpb_row us_custom_e3a61552 en_opener_pages height_large color_alternate\"><div class=\"l-section-h i-cf\"><div class=\"g-cols vc_row via_flex valign_middle type_default stacking_default\"><div class=\"vc_col-sm-12 wpb_column vc_column_container\"><div class=\"vc_column-inner\"><div class=\"wpb_wrapper\"><\/div><\/div><\/div><\/div><\/div><\/section><section class=\"l-section wpb_row us_custom_94a4ffc3 height_medium color_alternate\"><div class=\"l-section-h i-cf\"><div class=\"g-cols vc_row via_flex valign_top type_default stacking_default\"><div class=\"vc_col-sm-12 wpb_column vc_column_container\"><div class=\"vc_column-inner\"><div class=\"wpb_wrapper\"><div class=\"g-cols wpb_row via_flex valign_top type_default stacking_default\"><div class=\"vc_col-sm-6 wpb_column vc_column_container\"><div class=\"vc_column-inner\"><div class=\"wpb_wrapper\"><h1 class=\"w-text us_custom_c23d8d05 has_text_color us_animate_this\"><span class=\"w-text-h\"><span class=\"w-text-value\">Sustainable Transport<\/span><\/span><\/h1><\/div><\/div><\/div><div class=\"vc_col-sm-6 wpb_column vc_column_container\"><div class=\"vc_column-inner\"><div class=\"wpb_wrapper\"><\/div><\/div><\/div><\/div><div class=\"g-cols wpb_row via_flex valign_top type_default stacking_default\"><div class=\"vc_col-sm-6 wpb_column vc_column_container\"><div class=\"vc_column-inner\"><div class=\"wpb_wrapper\"><div class=\"wpb_text_column us_custom_9de87d4e\"><div class=\"wpb_wrapper\"><p>Um die Ziele des Pariser Abkommens zu erreichen und im Idealfall den globalen Temperaturanstieg deutlich unter 2 Grad Celsius zu halten, ist der Verkehrssektor einer der wichtigsten Sektoren, die es zu dekarbonisieren gilt. Unser Leitprinzip ist das Avoid-Shift-Improve-Framework, das die Umgestaltung st\u00e4dtischer Zentren zur Minimierung der Verkehrsnachfrage, eine Verlagerung hin zu nicht-motorisierten Verkehrsmitteln (NMT) wie Zufu\u00dfgehen und Radfahren sowie zu \u00f6ffentlichen Verkehrsmitteln und schlie\u00dflich die Elektrifizierung von Fahrzeugflotten beinhaltet.<\/p>\n<\/div><\/div><\/div><\/div><\/div><div class=\"vc_col-sm-6 wpb_column vc_column_container\"><div class=\"vc_column-inner\"><div class=\"wpb_wrapper\"><div class=\"wpb_text_column us_custom_9de87d4e\"><div class=\"wpb_wrapper\"><p>Um unsere Kunden bei diesem \u00dcbergang zu unterst\u00fctzen, bieten wir eine umfassende Reihe von Dienstleistungen f\u00fcr den \u00dcbergang zu sauberen, integrativen und kohlenstoffarmen Mobilit\u00e4tssystemen an.<\/p>\n<\/div><\/div><\/div><\/div><\/div><\/div><\/div><\/div><\/div><\/div><\/div><\/section><section class=\"l-section wpb_row us_custom_19737bc8 height_large\"><div class=\"l-section-h i-cf\"><div class=\"g-cols vc_row via_flex valign_top type_default stacking_default\"><div class=\"vc_col-sm-12 wpb_column vc_column_container\"><div class=\"vc_column-inner\"><div class=\"wpb_wrapper\"><div class=\"g-cols wpb_row via_flex valign_top type_default stacking_default\"><div class=\"vc_col-sm-12 wpb_column vc_column_container\"><div class=\"vc_column-inner\"><div class=\"wpb_wrapper\"><h2 class=\"w-text us_custom_fb34b46f has_text_color\"><span class=\"w-text-h\"><span class=\"w-text-value\">Unsere Dienstleistungen<\/span><\/span><\/h2><div class=\"w-separator size_small\"><\/div><\/div><\/div><\/div><\/div><div class=\"g-cols wpb_row via_flex valign_top type_default stacking_default\"><div class=\"vc_col-sm-12 vc_col-lg-6 vc_col-md-6 vc_col-xs-12 wpb_column vc_column_container\"><div class=\"vc_column-inner\"><div class=\"wpb_wrapper\"><div class=\"wpb_text_column\"><div class=\"wpb_wrapper\"><ul>\n<li>Entwicklung langfristiger Visionen und Strategien f\u00fcr den Verkehrssektor<\/li>\n<li>Ausarbeitung nachhaltiger Verkehrspolitiken<\/li>\n<li>Gestaltung von E-Mobility-Roadmaps einschlie\u00dflich Mobilit\u00e4tsszenarien<\/li>\n<li>Konzeption von \u00d6PNV-Systemen einschlie\u00dflich Infrastruktur- und Serviceplanung, Betriebsmodellierung und Umsetzungsplanung<\/li>\n<li>Analyse von Transportangebot vs. Transportnachfrage<\/li>\n<li>Durchf\u00fchrung von Vor- und Machbarkeitsstudien<\/li>\n<li>Vorbereitung und Durchf\u00fchrung von Pilotprojekten<\/li>\n<\/ul>\n<\/div><\/div><\/div><\/div><\/div><div class=\"vc_col-sm-12 vc_col-lg-6 vc_col-md-6 vc_col-xs-12 wpb_column vc_column_container\"><div class=\"vc_column-inner\"><div class=\"wpb_wrapper\"><div class=\"wpb_text_column\"><div class=\"wpb_wrapper\"><ul>\n<li>Berechnungen des \u00f6kologischen Fu\u00dfabdrucks und der Absch\u00e4tzung sozialer Auswirkungen<\/li>\n<li>Bewertung finanzieller und wirtschaftlicher Kapazit\u00e4ten und Auswirkungen<\/li>\n<li>Rechtliche und regulatorische Planung f\u00fcr nachhaltige urbane Mobilit\u00e4tsprojekte<\/li>\n<li>Aufbau von Kapazit\u00e4ten und Schulungen, um die langfristige Eigenverantwortung der lokalen Projektbeteiligten sicherzustellen<\/li>\n<\/ul>\n<\/div><\/div><\/div><\/div><\/div><\/div><\/div><\/div><\/div><\/div><\/div><\/section><section class=\"l-section wpb_row us_custom_19737bc8 height_large\"><div class=\"l-section-h i-cf\"><div class=\"g-cols vc_row via_flex valign_top type_default stacking_default\"><div class=\"vc_col-sm-12 wpb_column vc_column_container\"><div class=\"vc_column-inner\"><div class=\"wpb_wrapper\"><div class=\"g-cols wpb_row via_flex valign_top type_default stacking_default\"><div class=\"vc_col-sm-12 wpb_column vc_column_container\"><div class=\"vc_column-inner\"><div class=\"wpb_wrapper\"><h2 class=\"w-text us_custom_fb34b46f has_text_color\"><span class=\"w-text-h\"><span class=\"w-text-value\">Leuchtturmprojekte<\/span><\/span><\/h2><div class=\"w-separator size_medium\"><\/div><div class=\"w-grid us_grid type_grid layout_1213 en_project_grid_new en_grid cols_3 overflow_hidden preload_style_spinner with_css_animation\" id=\"us_grid_1\" style=\"--columns:3;--gap:1rem;\"><style>@media (max-width:1024px){#us_grid_1{--columns:2!important}}@media (max-width:768px){#us_grid_1{--columns:1!important}}.layout_1213 .w-grid-item-h{}.layout_1213 .usg_post_title_1{color:var(--color-alt-content-heading)!important;font-size:clamp(1.111rem,0.995rem + 0.273vw,1.222rem)!important;text-transform:uppercase!important;padding:1.1rem 1.2rem 1.1rem 1.2rem!important}.layout_1213 .usg_hwrapper_1{color:var(--color-content-text)!important;font-size:14px!important;font-weight:700!important;text-transform:uppercase!important;padding:1.2rem!important}.layout_1213 .usg_post_taxonomy_1{color:var(--color-content-heading)!important}.layout_1213 .usg_vwrapper_1{color:var(--color-content-text)!important;font-size:14px!important;font-weight:700!important;text-transform:uppercase!important;padding:1.4rem 1.2rem 0 1.2rem!important}.layout_1213 .usg_post_taxonomy_3{color:var(--color-content-heading)!important}<\/style><div class=\"w-grid-list\">\t<article class=\"w-grid-item us_animate_afr size_1x1 post-3152 project type-project status-publish has-post-thumbnail hentry project-category-sustainable-transport project-status-beendet project-country-papua-neuguinea project-tag-nachhaltiger-transport project-tag-sustainable-transport-de\" data-id=\"3152\" style=\"animation-delay:0s\">\r\n\t\t<div class=\"w-grid-item-h\">\r\n\t\t\t\t\t\t\t<a href=\"https:\/\/www.heat-international.de\/de\/projekt\/entwicklung-der-nationalen-strategie-zur-einfuehrung-und-erweiterung-von-e-mobilitaet-und-nachhaltiger-infrastruktur-in-papua-neuguinea\/\" class=\"w-grid-item-anchor\" aria-label=\"Entwicklung der Nationalen Strategie zur Einf\u00fchrung und Erweiterung von E-Mobilit\u00e4t und nachhaltiger Infrastruktur in Papua-Neuguinea\"><\/a>\r\n\t\t\t\t\t\t<div class=\"w-hwrapper usg_hwrapper_1 has_text_color align_justify valign_middle\"><div class=\"w-html usg_html_1\"><i class=\"fas fa-search\"><\/i> Project<\/div><div class=\"w-post-elm post_taxonomy usg_post_taxonomy_2 style_simple color_link_inherit\"><i class=\"fas fa-sliders-v-square\"><\/i><span class=\"term-75 term-beendet\">beendet<\/span><\/div><\/div><div class=\"w-post-elm post_image usg_post_image_1 has_ratio\"><img decoding=\"async\" width=\"1024\" height=\"461\" src=\"https:\/\/www.heat-international.de\/wp-content\/uploads\/2024\/11\/IMG_2378-1024x461.jpg\" class=\"attachment-large size-large wp-post-image\" alt=\"\" title=\"IMG_2378\"><div style=\"padding-bottom:56.25%\"><\/div><\/div><div class=\"w-vwrapper usg_vwrapper_1 has_text_color align_none valign_top\"><div class=\"w-post-elm post_taxonomy usg_post_taxonomy_1 has_text_color style_simple color_link_inherit\"><i class=\"fas fa-project-diagram\"><\/i><span class=\"term-74 term-sustainable-transport\">Sustainable Transport<\/span><\/div><div class=\"w-post-elm post_taxonomy usg_post_taxonomy_3 has_text_color style_simple color_link_inherit\"><i class=\"fas fa-globe\"><\/i><span class=\"term-211 term-papua-neuguinea\">Papua-Neuguinea<\/span><\/div><\/div><h3 class=\"w-post-elm post_title usg_post_title_1 has_text_color entry-title color_link_inherit\">Entwicklung der Nationalen Strategie zur Einf\u00fchrung und Erweiterung von E-Mobilit\u00e4t und nachhaltiger Infrastruktur in Papua-Neuguinea<\/h3>\t\t<\/div>\r\n\t\t\t<\/article>\r\n\t<article class=\"w-grid-item us_animate_afr size_1x1 post-3118 project type-project status-publish hentry project-category-sustainable-transport project-status-laufend project-country-sudafrika project-tag-green-shipping-de project-tag-sustainable-transport-de\" data-id=\"3118\" style=\"animation-delay:0.1s\">\r\n\t\t<div class=\"w-grid-item-h\">\r\n\t\t\t\t\t\t\t<a href=\"https:\/\/www.heat-international.de\/de\/projekt\/soziooekonomische-studie-ueber-die-defossilisierung-des-seeverkehrs-und-die-umweltfreundliche-schifffahrt-in-suedafrika\/\" class=\"w-grid-item-anchor\" aria-label=\"Sozio\u00f6konomische Studie \u00fcber die Defossilisierung des Seeverkehrs und die umweltfreundliche Schifffahrt in S\u00fcdafrika\"><\/a>\r\n\t\t\t\t\t\t<div class=\"w-hwrapper usg_hwrapper_1 has_text_color align_justify valign_middle\"><div class=\"w-html usg_html_1\"><i class=\"fas fa-search\"><\/i> Project<\/div><div class=\"w-post-elm post_taxonomy usg_post_taxonomy_2 style_simple color_link_inherit\"><i class=\"fas fa-sliders-v-square\"><\/i><span class=\"term-76 term-laufend\">laufend<\/span><\/div><\/div><div class=\"w-post-elm post_image usg_post_image_1 has_ratio with_placeholder\"><img decoding=\"async\" width=\"722\" height=\"1024\" src=\"https:\/\/www.heat-international.de\/wp-content\/uploads\/2024\/07\/HEAT-Platzhalterbild-722x1024.jpg\" class=\"g-placeholder\" alt=\"\" title=\"HEAT Platzhalterbild\"><div style=\"padding-bottom:56.25%\"><\/div><\/div><div class=\"w-vwrapper usg_vwrapper_1 has_text_color align_none valign_top\"><div class=\"w-post-elm post_taxonomy usg_post_taxonomy_1 has_text_color style_simple color_link_inherit\"><i class=\"fas fa-project-diagram\"><\/i><span class=\"term-74 term-sustainable-transport\">Sustainable Transport<\/span><\/div><div class=\"w-post-elm post_taxonomy usg_post_taxonomy_3 has_text_color style_simple color_link_inherit\"><i class=\"fas fa-globe\"><\/i><span class=\"term-231 term-sudafrika\">S\u00fcdafrika<\/span><\/div><\/div><h3 class=\"w-post-elm post_title usg_post_title_1 has_text_color entry-title color_link_inherit\">Sozio\u00f6konomische Studie \u00fcber die Defossilisierung des Seeverkehrs und die umweltfreundliche Schifffahrt in S\u00fcdafrika<\/h3>\t\t<\/div>\r\n\t\t\t<\/article>\r\n\t<article class=\"w-grid-item us_animate_afr size_1x1 post-3153 project type-project status-publish has-post-thumbnail hentry project-category-sustainable-transport project-status-beendet project-country-indien project-tag-sustainable-transport-de\" data-id=\"3153\" style=\"animation-delay:0.2s\">\r\n\t\t<div class=\"w-grid-item-h\">\r\n\t\t\t\t\t\t\t<a href=\"https:\/\/www.heat-international.de\/de\/projekt\/erneuerbare-energieinfrastruktur-fuer-27-oeffentliche-busdepots-in-mumbai\/\" class=\"w-grid-item-anchor\" aria-label=\"Erneuerbare Energieinfrastruktur f\u00fcr 27 \u00f6ffentliche Busdepots in Mumbai\"><\/a>\r\n\t\t\t\t\t\t<div class=\"w-hwrapper usg_hwrapper_1 has_text_color align_justify valign_middle\"><div class=\"w-html usg_html_1\"><i class=\"fas fa-search\"><\/i> Project<\/div><div class=\"w-post-elm post_taxonomy usg_post_taxonomy_2 style_simple color_link_inherit\"><i class=\"fas fa-sliders-v-square\"><\/i><span class=\"term-75 term-beendet\">beendet<\/span><\/div><\/div><div class=\"w-post-elm post_image usg_post_image_1 has_ratio\"><img decoding=\"async\" width=\"796\" height=\"550\" src=\"https:\/\/www.heat-international.de\/wp-content\/uploads\/2024\/11\/depot.jpg\" class=\"attachment-large size-large wp-post-image\" alt=\"\" title=\"depot\"><div style=\"padding-bottom:56.25%\"><\/div><\/div><div class=\"w-vwrapper usg_vwrapper_1 has_text_color align_none valign_top\"><div class=\"w-post-elm post_taxonomy usg_post_taxonomy_1 has_text_color style_simple color_link_inherit\"><i class=\"fas fa-project-diagram\"><\/i><span class=\"term-74 term-sustainable-transport\">Sustainable Transport<\/span><\/div><div class=\"w-post-elm post_taxonomy usg_post_taxonomy_3 has_text_color style_simple color_link_inherit\"><i class=\"fas fa-globe\"><\/i><span class=\"term-223 term-indien\">Indien<\/span><\/div><\/div><h3 class=\"w-post-elm post_title usg_post_title_1 has_text_color entry-title color_link_inherit\">Erneuerbare Energieinfrastruktur f\u00fcr 27 \u00f6ffentliche Busdepots in Mumbai<\/h3>\t\t<\/div>\r\n\t\t\t<\/article>\r\n<\/div>\t<div class=\"w-grid-preloader\">\r\n\t\t<div class=\"g-preloader type_1\">\r\n\t\t\t<div><\/div>\r\n\t\t<\/div>\r\n\t<\/div>\r\n\t\t<div class=\"w-grid-json hidden\" onclick='return {&quot;action&quot;:&quot;us_ajax_grid&quot;,&quot;infinite_scroll&quot;:0,&quot;max_num_pages&quot;:1,&quot;pagination&quot;:&quot;none&quot;,&quot;template_vars&quot;:{&quot;columns&quot;:&quot;3&quot;,&quot;exclude_items&quot;:&quot;none&quot;,&quot;img_size&quot;:&quot;default&quot;,&quot;ignore_items_size&quot;:0,&quot;items_layout&quot;:&quot;1213&quot;,&quot;items_offset&quot;:&quot;1&quot;,&quot;load_animation&quot;:&quot;afr&quot;,&quot;overriding_link&quot;:&quot;%7B%22type%22%3A%22post%22%7D&quot;,&quot;post_id&quot;:0,&quot;query_args&quot;:{&quot;ignore_sticky_posts&quot;:1,&quot;post_type&quot;:&quot;any&quot;,&quot;post__in&quot;:[&quot;3127&quot;,&quot;3113&quot;,&quot;3119&quot;],&quot;posts_per_page&quot;:&quot;3&quot;},&quot;orderby_query_args&quot;:{&quot;orderby&quot;:{&quot;post__in&quot;:&quot;ASC&quot;},&quot;order&quot;:&quot;ASC&quot;},&quot;type&quot;:&quot;grid&quot;,&quot;us_grid_post_type&quot;:&quot;ids&quot;,&quot;us_grid_ajax_index&quot;:1,&quot;us_grid_filter_query_string&quot;:null,&quot;us_grid_index&quot;:1,&quot;page_args&quot;:[],&quot;lang&quot;:&quot;de&quot;}}'><\/div>\r\n\t<\/div><\/div><\/div><\/div><\/div><\/div><\/div><\/div><\/div><\/div><\/section><section class=\"l-section wpb_row height_large\" id=\"team\"><div class=\"l-section-h i-cf\"><div class=\"g-cols vc_row via_flex valign_top type_default stacking_default\"><div class=\"vc_col-sm-12 wpb_column vc_column_container\"><div class=\"vc_column-inner\"><div class=\"wpb_wrapper\"><h2 class=\"w-text us_custom_fb34b46f has_text_color\"><span class=\"w-text-h\"><span class=\"w-text-value\">Kontakt<\/span><\/span><\/h2><div class=\"w-separator size_small\"><\/div><div class=\"w-grid us_grid type_grid layout_800 cols_2 preload_style_spinner\" id=\"us_grid_2\" style=\"--columns:2;--gap:1.5rem;\"><style>@media (max-width:768px){#us_grid_2{--columns:1!important}}.layout_800 .w-grid-item-h{}.layout_800 .usg_post_image_1{width:6rem!important;margin-right:1rem!important}.layout_800 .usg_post_custom_field_1{line-height:1.5!important;font-weight:700!important;margin-bottom:0!important}.layout_800 .usg_post_custom_field_2{color:var(--color-content-faded)!important;font-size:0.9rem!important;line-height:1.5!important}.layout_800 .usg_post_custom_field_4{line-height:1.5!important;font-weight:700!important;margin-bottom:0!important}.layout_800 .usg_hwrapper_3{margin-top:0.5rem!important}<\/style><div class=\"w-grid-list\">\t<article class=\"w-grid-item size_1x1 post-1962 team type-team status-publish has-post-thumbnail hentry team-category-consulting-team team-status-active\" data-id=\"1962\">\r\n\t\t<div class=\"w-grid-item-h\">\r\n\t\t\t\t\t\t<div class=\"w-hwrapper usg_hwrapper_1 valign_middle\"><div class=\"w-post-elm post_image usg_post_image_1 has_width stretched\"><img decoding=\"async\" width=\"225\" height=\"300\" src=\"https:\/\/www.heat-international.de\/wp-content\/uploads\/2024\/07\/28-225x300.png\" class=\"attachment-medium size-medium wp-post-image\" alt=\"\" srcset=\"https:\/\/www.heat-international.de\/wp-content\/uploads\/2024\/07\/28-225x300.png 225w, https:\/\/www.heat-international.de\/wp-content\/uploads\/2024\/07\/28.png 600w\" sizes=\"(max-width: 225px) 100vw, 225px\" title=\"Nancy Finger\"><\/div><div class=\"w-vwrapper usg_vwrapper_1\"><div class=\"w-hwrapper usg_hwrapper_2 wrap\" style=\"--hwrapper-gap:5px\"><div class=\"w-post-elm post_custom_field usg_post_custom_field_1 type_text team_first_name\"><span class=\"w-post-elm-value\">Nancy<\/span><\/div><div class=\"w-post-elm post_custom_field usg_post_custom_field_4 type_text team_last_name\"><span class=\"w-post-elm-value\">Finger<\/span><\/div><\/div><div class=\"w-post-elm post_custom_field usg_post_custom_field_2 has_text_color type_text team_function color_link_inherit\"><span class=\"w-post-elm-value\">Business Area Coordinator Sustainable Transport<\/span><\/div><div class=\"w-hwrapper usg_hwrapper_3\" style=\"--hwrapper-gap:0.3rem\"><a class=\"w-btn us-btn-style_6 usg_btn_1 icon_atleft text_none\" aria-label=\"Button\" href=\"mailto:nancy.finger@heat-international.de\"><i class=\"fas fa-envelope\"><\/i><\/a><a class=\"w-btn us-btn-style_6 usg_btn_2 icon_atleft text_none\" aria-label=\"Button\" target=\"_blank\" href=\"https:\/\/www.linkedin.com\/in\/nancy-finger-184114137\/\" rel=\"noopener\"><i class=\"fab fa-linkedin\"><\/i><\/a><a class=\"w-btn us-btn-style_6 usg_btn_3 en_icon_btn\" href=\"https:\/\/www.heat-international.de\/de\/team\/nancy-finger\/\"><span class=\"w-btn-label\">View Profile<\/span><\/a><\/div><\/div><\/div>\t\t<\/div>\r\n\t\t\t<\/article>\r\n<\/div>\t<div class=\"w-grid-preloader\">\r\n\t\t<div class=\"g-preloader type_1\">\r\n\t\t\t<div><\/div>\r\n\t\t<\/div>\r\n\t<\/div>\r\n\t\t<div class=\"w-grid-json hidden\" onclick='return {&quot;action&quot;:&quot;us_ajax_grid&quot;,&quot;infinite_scroll&quot;:0,&quot;max_num_pages&quot;:1,&quot;pagination&quot;:&quot;none&quot;,&quot;template_vars&quot;:{&quot;columns&quot;:&quot;2&quot;,&quot;exclude_items&quot;:&quot;none&quot;,&quot;img_size&quot;:&quot;default&quot;,&quot;ignore_items_size&quot;:0,&quot;items_layout&quot;:&quot;800&quot;,&quot;items_offset&quot;:&quot;1&quot;,&quot;load_animation&quot;:&quot;none&quot;,&quot;overriding_link&quot;:&quot;%7B%22url%22%3A%22%22%7D&quot;,&quot;post_id&quot;:0,&quot;query_args&quot;:{&quot;ignore_sticky_posts&quot;:1,&quot;post_type&quot;:&quot;any&quot;,&quot;post__in&quot;:[&quot;1962&quot;],&quot;posts_per_page&quot;:999},&quot;orderby_query_args&quot;:{&quot;orderby&quot;:{&quot;title&quot;:&quot;ASC&quot;},&quot;order&quot;:&quot;ASC&quot;},&quot;type&quot;:&quot;grid&quot;,&quot;us_grid_post_type&quot;:&quot;ids&quot;,&quot;us_grid_ajax_index&quot;:2,&quot;us_grid_filter_query_string&quot;:null,&quot;us_grid_index&quot;:2,&quot;page_args&quot;:[],&quot;lang&quot;:&quot;de&quot;}}'><\/div>\r\n\t<\/div><\/div><\/div><\/div><\/div><\/div><\/section>\n","protected":false},"excerpt":{"rendered":"","protected":false},"author":5,"featured_media":2913,"parent":1836,"menu_order":0,"comment_status":"closed","ping_status":"closed","template":"","meta":{"_acf_changed":false,"footnotes":""},"class_list":["post-1847","page","type-page","status-publish","has-post-thumbnail","hentry"],"acf":[],"_links":{"self":[{"href":"https:\/\/www.heat-international.de\/de\/wp-json\/wp\/v2\/pages\/1847","targetHints":{"allow":["GET"]}}],"collection":[{"href":"https:\/\/www.heat-international.de\/de\/wp-json\/wp\/v2\/pages"}],"about":[{"href":"https:\/\/www.heat-international.de\/de\/wp-json\/wp\/v2\/types\/page"}],"author":[{"embeddable":true,"href":"https:\/\/www.heat-international.de\/de\/wp-json\/wp\/v2\/users\/5"}],"replies":[{"embeddable":true,"href":"https:\/\/www.heat-international.de\/de\/wp-json\/wp\/v2\/comments?post=1847"}],"version-history":[{"count":0,"href":"https:\/\/www.heat-international.de\/de\/wp-json\/wp\/v2\/pages\/1847\/revisions"}],"up":[{"embeddable":true,"href":"https:\/\/www.heat-international.de\/de\/wp-json\/wp\/v2\/pages\/1836"}],"wp:featuredmedia":[{"embeddable":true,"href":"https:\/\/www.heat-international.de\/de\/wp-json\/wp\/v2\/media\/2913"}],"wp:attachment":[{"href":"https:\/\/www.heat-international.de\/de\/wp-json\/wp\/v2\/media?parent=1847"}],"curies":[{"name":"wp","href":"https:\/\/api.w.org\/{rel}","templated":true}]}}