{"id":1844,"date":"2024-01-08T15:39:11","date_gmt":"2024-01-08T14:39:11","guid":{"rendered":"http:\/\/webseite2023.heat-international.de\/business-areas\/klimaschutz\/"},"modified":"2026-03-17T08:24:37","modified_gmt":"2026-03-17T07:24:37","slug":"klimaschutz","status":"publish","type":"page","link":"https:\/\/www.heat-international.de\/de\/business-areas\/klimaschutz\/","title":{"rendered":"Klimaschutz"},"content":{"rendered":"<section class=\"l-section wpb_row us_custom_e8ccf947 en_opener_pages height_large color_alternate\"><div class=\"l-section-h i-cf\"><div class=\"g-cols vc_row via_flex valign_middle type_default stacking_default\"><div class=\"vc_col-sm-12 wpb_column vc_column_container\"><div class=\"vc_column-inner\"><div class=\"wpb_wrapper\"><\/div><\/div><\/div><\/div><\/div><\/section><section class=\"l-section wpb_row us_custom_4f58c563 height_medium color_alternate\"><div class=\"l-section-h i-cf\"><div class=\"g-cols vc_row via_flex valign_top type_default stacking_default\"><div class=\"vc_col-sm-12 wpb_column vc_column_container\"><div class=\"vc_column-inner\"><div class=\"wpb_wrapper\"><div class=\"g-cols wpb_row via_flex valign_top type_default stacking_default\"><div class=\"vc_col-sm-6 wpb_column vc_column_container\"><div class=\"vc_column-inner\"><div class=\"wpb_wrapper\"><h1 class=\"w-text us_custom_c23d8d05 has_text_color us_animate_this\"><span class=\"w-text-h\"><span class=\"w-text-value\">Klimaschutz<\/span><\/span><\/h1><\/div><\/div><\/div><div class=\"vc_col-sm-6 wpb_column vc_column_container\"><div class=\"vc_column-inner\"><div class=\"wpb_wrapper\"><\/div><\/div><\/div><\/div><div class=\"g-cols wpb_row via_flex valign_top type_default stacking_default\"><div class=\"vc_col-sm-6 wpb_column vc_column_container\"><div class=\"vc_column-inner\"><div class=\"wpb_wrapper\"><div class=\"wpb_text_column us_custom_9de87d4e\"><div class=\"wpb_wrapper\"><p>Climate change is increasingly affecting life on earth and requires immediate action. We focus our work on achieving the goals of the Paris Agreement to limit global temperature rise to well below 2 degrees Celsius.<\/p>\n<\/div><\/div><\/div><\/div><\/div><div class=\"vc_col-sm-6 wpb_column vc_column_container\"><div class=\"vc_column-inner\"><div class=\"wpb_wrapper\"><div class=\"wpb_text_column us_custom_9de87d4e\"><div class=\"wpb_wrapper\"><p>Mit unseren Ma\u00dfnahmen unterst\u00fctzen wir L\u00e4nder auf ihrem Weg zu Null-Kohlenstoff-Emissionen, indem wir Ma\u00dfnahmen umsetzen, die Treibhausgasemissionen reduzieren und Klimaresilienz st\u00e4rken.<\/p>\n<\/div><\/div><\/div><\/div><\/div><\/div><\/div><\/div><\/div><\/div><\/div><\/section><section class=\"l-section wpb_row us_custom_19737bc8 height_large\"><div class=\"l-section-h i-cf\"><div class=\"g-cols vc_row via_flex valign_top type_default stacking_default\"><div class=\"vc_col-sm-12 wpb_column vc_column_container\"><div class=\"vc_column-inner\"><div class=\"wpb_wrapper\"><div class=\"g-cols wpb_row via_flex valign_top type_default stacking_default\"><div class=\"vc_col-sm-12 wpb_column vc_column_container\"><div class=\"vc_column-inner\"><div class=\"wpb_wrapper\"><h2 class=\"w-text us_custom_32e01abc has_text_color\"><span class=\"w-text-h\"><span class=\"w-text-value\">Unsere Dienstleistungen<\/span><\/span><\/h2><div class=\"w-separator size_small\"><\/div><\/div><\/div><\/div><\/div><div class=\"g-cols wpb_row via_flex valign_top type_default stacking_default\"><div class=\"vc_col-sm-12 vc_col-lg-6 vc_col-md-6 vc_col-xs-12 wpb_column vc_column_container\"><div class=\"vc_column-inner\"><div class=\"wpb_wrapper\"><div class=\"wpb_text_column\"><div class=\"wpb_wrapper\"><ul>\n<li>Gestaltung von politischen Rahmenbedingungen<\/li>\n<li>Erstellung von Treibhausgasemissionsinventaren<\/li>\n<li>Modellierung von Emissionspfaden und -szenarien<\/li>\n<li>\u00dcberpr\u00fcfung von nationaler Kommunikation und Zweijahresberichten (BUR)<\/li>\n<li>Entwicklung von MRV-Methoden zur Minderung und M&amp;E-Methoden zur Anpassung<\/li>\n<li>Unterst\u00fctzung der L\u00e4nder bei der Entwicklung und Umsetzung von Klimaschutzma\u00dfnahmen im Rahmen ihrer Nationally Determined Contributions (NDCs)<\/li>\n<\/ul>\n<\/div><\/div><\/div><\/div><\/div><div class=\"vc_col-sm-12 vc_col-lg-6 vc_col-md-6 vc_col-xs-12 wpb_column vc_column_container\"><div class=\"vc_column-inner\"><div class=\"wpb_wrapper\"><div class=\"wpb_text_column\"><div class=\"wpb_wrapper\"><ul>\n<li>Planung und Durchf\u00fchrung von l\u00e4nderspezifischen Klimaschutzma\u00dfnahmen (Nationally apropriate mitigation actions, NAMAs)<\/li>\n<li>Beratung zur Klimafinanzierung und MRV-Dienstleistungen bei der Umsetzung von Roadmaps f\u00fcr niedrige Emissionen<\/li>\n<li>Erarbeitung von Klimafinanzierungsvorschl\u00e4gen f\u00fcr die Internationale Klimaschutzinitiative des Bundesministeriums f\u00fcr Umwelt, Naturschutz, nukleare Sicherheit und Verbraucherschutz (BMUV), die NAMA-Fazilit\u00e4t, die Globale Umweltfazilit\u00e4t (GEF) und den Green Climate Fund (GCF)<\/li>\n<\/ul>\n<\/div><\/div><\/div><\/div><\/div><\/div><div class=\"w-separator size_medium\"><\/div><\/div><\/div><\/div><\/div><\/div><\/section><section class=\"l-section wpb_row us_custom_19737bc8 height_large\"><div class=\"l-section-h i-cf\"><div class=\"g-cols vc_row via_flex valign_top type_default stacking_default\"><div class=\"vc_col-sm-12 wpb_column vc_column_container\"><div class=\"vc_column-inner\"><div class=\"wpb_wrapper\"><div class=\"g-cols wpb_row via_flex valign_top type_default stacking_default\"><div class=\"vc_col-sm-12 wpb_column vc_column_container\"><div class=\"vc_column-inner\"><div class=\"wpb_wrapper\"><h2 class=\"w-text us_custom_32e01abc has_text_color\"><span class=\"w-text-h\"><span class=\"w-text-value\">Leuchtturmprojekte<\/span><\/span><\/h2><div class=\"w-separator size_medium\"><\/div><div class=\"w-grid us_grid type_grid layout_1213 en_project_grid_new en_grid cols_3 overflow_hidden preload_style_spinner with_css_animation\" id=\"us_grid_1\" style=\"--columns:3;--gap:1rem;\"><style>@media (max-width:1024px){#us_grid_1{--columns:2!important}}@media (max-width:768px){#us_grid_1{--columns:1!important}}.layout_1213 .w-grid-item-h{}.layout_1213 .usg_post_title_1{color:var(--color-alt-content-heading)!important;font-size:clamp(1.111rem,0.995rem + 0.273vw,1.222rem)!important;text-transform:uppercase!important;padding:1.1rem 1.2rem 1.1rem 1.2rem!important}.layout_1213 .usg_hwrapper_1{color:var(--color-content-text)!important;font-size:14px!important;font-weight:700!important;text-transform:uppercase!important;padding:1.2rem!important}.layout_1213 .usg_post_taxonomy_1{color:var(--color-content-heading)!important}.layout_1213 .usg_vwrapper_1{color:var(--color-content-text)!important;font-size:14px!important;font-weight:700!important;text-transform:uppercase!important;padding:1.4rem 1.2rem 0 1.2rem!important}.layout_1213 .usg_post_taxonomy_3{color:var(--color-content-heading)!important}<\/style><div class=\"w-grid-list\">\t<article class=\"w-grid-item us_animate_afr size_1x1 post-838 project type-project status-publish has-post-thumbnail hentry project-category-climate-action project-status-ongoing project-country-germany project-tag-adaptation project-tag-mitigation\" data-id=\"838\" style=\"animation-delay:0s\">\r\n\t\t<div class=\"w-grid-item-h\">\r\n\t\t\t\t\t\t\t<a href=\"https:\/\/www.heat-international.de\/de\/projekt\/nde-germany-catalyzing-climate-technology-and-cooperation\/\" class=\"w-grid-item-anchor\" aria-label=\"NDE Germany: Catalyzing Climate Technology and Cooperation\"><\/a>\r\n\t\t\t\t\t\t<div class=\"w-hwrapper usg_hwrapper_1 has_text_color align_justify valign_middle\"><div class=\"w-html usg_html_1\"><i class=\"fas fa-search\"><\/i> Project<\/div><div class=\"w-post-elm post_taxonomy usg_post_taxonomy_2 style_simple color_link_inherit\"><i class=\"fas fa-sliders-v-square\"><\/i><span class=\"term-7 term-ongoing\">ongoing<\/span><\/div><\/div><div class=\"w-post-elm post_image usg_post_image_1 has_ratio\"><img decoding=\"async\" width=\"1024\" height=\"442\" src=\"https:\/\/www.heat-international.de\/wp-content\/uploads\/2024\/03\/iStock-1339138376-1024x442.jpg\" class=\"attachment-large size-large wp-post-image\" alt=\"\" title=\"iStock-1339138376\"><div style=\"padding-bottom:56.25%\"><\/div><\/div><div class=\"w-vwrapper usg_vwrapper_1 has_text_color align_none valign_top\"><div class=\"w-post-elm post_taxonomy usg_post_taxonomy_1 has_text_color style_simple color_link_inherit\"><i class=\"fas fa-project-diagram\"><\/i><span class=\"term-4 term-climate-action\">Climate action<\/span><\/div><div class=\"w-post-elm post_taxonomy usg_post_taxonomy_3 has_text_color style_simple color_link_inherit\"><i class=\"fas fa-globe\"><\/i><span class=\"term-9 term-germany\">Germany<\/span><\/div><\/div><h3 class=\"w-post-elm post_title usg_post_title_1 has_text_color entry-title color_link_inherit\">NDE Germany: Catalyzing Climate Technology and Cooperation<\/h3>\t\t<\/div>\r\n\t\t\t<\/article>\r\n\t<article class=\"w-grid-item us_animate_afr size_1x1 post-2510 project type-project status-publish has-post-thumbnail hentry project-category-klimaschutz project-status-beendet project-country-cote-divoire-de project-tag-forst project-tag-klimaschutz project-tag-mrv-de\" data-id=\"2510\" style=\"animation-delay:0.1s\">\r\n\t\t<div class=\"w-grid-item-h\">\r\n\t\t\t\t\t\t\t<a href=\"https:\/\/www.heat-international.de\/de\/projekt\/governance-und-nachhaltige-bewirtschaftung-naturlicher-ressourcen-in-der-region-comoe-und-tai-cote-divoire-pro2grn\/\" class=\"w-grid-item-anchor\" aria-label=\"Governance und nachhaltige Bewirtschaftung nat\u00fcrlicher Ressourcen in der Region Como\u00e9 und Tai, C\u00f4te d&#8217;Ivoire (Pro2GRN)\"><\/a>\r\n\t\t\t\t\t\t<div class=\"w-hwrapper usg_hwrapper_1 has_text_color align_justify valign_middle\"><div class=\"w-html usg_html_1\"><i class=\"fas fa-search\"><\/i> Project<\/div><div class=\"w-post-elm post_taxonomy usg_post_taxonomy_2 style_simple color_link_inherit\"><i class=\"fas fa-sliders-v-square\"><\/i><span class=\"term-75 term-beendet\">beendet<\/span><\/div><\/div><div class=\"w-post-elm post_image usg_post_image_1 has_ratio\"><img decoding=\"async\" width=\"587\" height=\"442\" src=\"https:\/\/www.heat-international.de\/wp-content\/uploads\/2024\/07\/GIZ-CIV-MRV-Mesure-du-DHP-diametre-du-tronc-a-la-hauteur-de-13-m-du-sol-dite-hauteur-de-poitrine-avec-un-ruban-a-diametre\u200b.png\" class=\"attachment-large size-large wp-post-image\" alt=\"\" title=\"GIZ CIV MRV Mesure du DHP (diam\u00e8tre du tronc \u00e0 la hauteur de 1,3 m du sol dite &#039;hauteur de poitrine&#039;) avec un ruban \u00e0 diam\u00e8tre\u200b\"><div style=\"padding-bottom:56.25%\"><\/div><\/div><div class=\"w-vwrapper usg_vwrapper_1 has_text_color align_none valign_top\"><div class=\"w-post-elm post_taxonomy usg_post_taxonomy_1 has_text_color style_simple color_link_inherit\"><i class=\"fas fa-project-diagram\"><\/i><span class=\"term-72 term-klimaschutz\">Klimaschutz<\/span><\/div><div class=\"w-post-elm post_taxonomy usg_post_taxonomy_3 has_text_color style_simple color_link_inherit\"><i class=\"fas fa-globe\"><\/i><span class=\"term-196 term-cote-divoire-de\">C\u00f4te d\u2019Ivoire<\/span><\/div><\/div><h3 class=\"w-post-elm post_title usg_post_title_1 has_text_color entry-title color_link_inherit\">Governance und nachhaltige Bewirtschaftung nat\u00fcrlicher Ressourcen in der Region Como\u00e9 und Tai, C\u00f4te d&#8217;Ivoire (Pro2GRN)<\/h3>\t\t<\/div>\r\n\t\t\t<\/article>\r\n\t<article class=\"w-grid-item us_animate_afr size_1x1 post-1939 project type-project status-publish has-post-thumbnail hentry project-category-klimaschutz project-status-beendet project-country-honduras-de project-tag-anpassung project-tag-klimaschutz\" data-id=\"1939\" style=\"animation-delay:0.2s\">\r\n\t\t<div class=\"w-grid-item-h\">\r\n\t\t\t\t\t\t\t<a href=\"https:\/\/www.heat-international.de\/de\/projekt\/staerkung-der-oeffentlichen-planung-hinsichtlich-der-anpassung-an-den-klimawandel-zur-minderung-seiner-folgen-sowie-zur-verbesserung-der-oeffentlichen-privaten-und-internationalen-klimafinanzierungs\/\" class=\"w-grid-item-anchor\" aria-label=\"St\u00e4rkung der \u00f6ffentlichen Planung hinsichtlich der Anpassung an den Klimawandel, zur Minderung seiner Folgen sowie zur Verbesserung der \u00f6ffentlichen, privaten und internationalen Klimafinanzierungsans\u00e4tze in Honduras\"><\/a>\r\n\t\t\t\t\t\t<div class=\"w-hwrapper usg_hwrapper_1 has_text_color align_justify valign_middle\"><div class=\"w-html usg_html_1\"><i class=\"fas fa-search\"><\/i> Project<\/div><div class=\"w-post-elm post_taxonomy usg_post_taxonomy_2 style_simple color_link_inherit\"><i class=\"fas fa-sliders-v-square\"><\/i><span class=\"term-75 term-beendet\">beendet<\/span><\/div><\/div><div class=\"w-post-elm post_image usg_post_image_1 has_ratio\"><img decoding=\"async\" width=\"1024\" height=\"724\" src=\"https:\/\/www.heat-international.de\/wp-content\/uploads\/2024\/07\/Untitled-design-2-1024x724.png\" class=\"attachment-large size-large wp-post-image\" alt=\"\" title=\"Untitled design (2)\"><div style=\"padding-bottom:56.25%\"><\/div><\/div><div class=\"w-vwrapper usg_vwrapper_1 has_text_color align_none valign_top\"><div class=\"w-post-elm post_taxonomy usg_post_taxonomy_1 has_text_color style_simple color_link_inherit\"><i class=\"fas fa-project-diagram\"><\/i><span class=\"term-72 term-klimaschutz\">Klimaschutz<\/span><\/div><div class=\"w-post-elm post_taxonomy usg_post_taxonomy_3 has_text_color style_simple color_link_inherit\"><i class=\"fas fa-globe\"><\/i><span class=\"term-200 term-honduras-de\">Honduras<\/span><\/div><\/div><h3 class=\"w-post-elm post_title usg_post_title_1 has_text_color entry-title color_link_inherit\">St\u00e4rkung der \u00f6ffentlichen Planung hinsichtlich der Anpassung an den Klimawandel, zur Minderung seiner Folgen sowie zur Verbesserung der \u00f6ffentlichen, privaten und internationalen Klimafinanzierungsans\u00e4tze in Honduras<\/h3>\t\t<\/div>\r\n\t\t\t<\/article>\r\n<\/div>\t<div class=\"w-grid-preloader\">\r\n\t\t<div class=\"g-preloader type_1\">\r\n\t\t\t<div><\/div>\r\n\t\t<\/div>\r\n\t<\/div>\r\n\t\t<div class=\"w-grid-json hidden\" onclick='return {&quot;action&quot;:&quot;us_ajax_grid&quot;,&quot;infinite_scroll&quot;:0,&quot;max_num_pages&quot;:1,&quot;pagination&quot;:&quot;none&quot;,&quot;template_vars&quot;:{&quot;columns&quot;:&quot;3&quot;,&quot;exclude_items&quot;:&quot;none&quot;,&quot;img_size&quot;:&quot;default&quot;,&quot;ignore_items_size&quot;:0,&quot;items_layout&quot;:&quot;1213&quot;,&quot;items_offset&quot;:&quot;1&quot;,&quot;load_animation&quot;:&quot;afr&quot;,&quot;overriding_link&quot;:&quot;%7B%22type%22%3A%22post%22%7D&quot;,&quot;post_id&quot;:0,&quot;query_args&quot;:{&quot;ignore_sticky_posts&quot;:1,&quot;post_type&quot;:&quot;any&quot;,&quot;post__in&quot;:[&quot;838&quot;,&quot;2498&quot;,&quot;1924&quot;],&quot;posts_per_page&quot;:&quot;3&quot;},&quot;orderby_query_args&quot;:{&quot;orderby&quot;:{&quot;post__in&quot;:&quot;ASC&quot;},&quot;order&quot;:&quot;ASC&quot;},&quot;type&quot;:&quot;grid&quot;,&quot;us_grid_post_type&quot;:&quot;ids&quot;,&quot;us_grid_ajax_index&quot;:1,&quot;us_grid_filter_query_string&quot;:null,&quot;us_grid_index&quot;:1,&quot;page_args&quot;:[],&quot;lang&quot;:&quot;de&quot;}}'><\/div>\r\n\t<\/div><\/div><\/div><\/div><\/div><\/div><\/div><\/div><\/div><\/div><\/section><section class=\"l-section wpb_row height_large\" id=\"team\"><div class=\"l-section-h i-cf\"><div class=\"g-cols vc_row via_flex valign_top type_default stacking_default\"><div class=\"vc_col-sm-12 wpb_column vc_column_container\"><div class=\"vc_column-inner\"><div class=\"wpb_wrapper\"><h2 class=\"w-text us_custom_32e01abc has_text_color\"><span class=\"w-text-h\"><span class=\"w-text-value\">Kontakt<\/span><\/span><\/h2><div class=\"w-separator size_small\"><\/div><div class=\"w-grid us_grid type_grid layout_800 cols_2 preload_style_spinner\" id=\"us_grid_2\" style=\"--columns:2;--gap:1.5rem;\"><style>@media (max-width:768px){#us_grid_2{--columns:1!important}}.layout_800 .w-grid-item-h{}.layout_800 .usg_post_image_1{width:6rem!important;margin-right:1rem!important}.layout_800 .usg_post_custom_field_1{line-height:1.5!important;font-weight:700!important;margin-bottom:0!important}.layout_800 .usg_post_custom_field_2{color:var(--color-content-faded)!important;font-size:0.9rem!important;line-height:1.5!important}.layout_800 .usg_post_custom_field_4{line-height:1.5!important;font-weight:700!important;margin-bottom:0!important}.layout_800 .usg_hwrapper_3{margin-top:0.5rem!important}<\/style><div class=\"w-grid-list\">\t<article class=\"w-grid-item size_1x1 post-2965 team type-team status-publish has-post-thumbnail hentry team-category-consulting-team-de team-status-aktiv\" data-id=\"2965\">\r\n\t\t<div class=\"w-grid-item-h\">\r\n\t\t\t\t\t\t<div class=\"w-hwrapper usg_hwrapper_1 valign_middle\"><div class=\"w-post-elm post_image usg_post_image_1 has_width stretched\"><img decoding=\"async\" width=\"225\" height=\"300\" src=\"https:\/\/www.heat-international.de\/wp-content\/uploads\/2024\/06\/irene-edit-225x300.png\" class=\"attachment-medium size-medium wp-post-image\" alt=\"\" srcset=\"https:\/\/www.heat-international.de\/wp-content\/uploads\/2024\/06\/irene-edit-225x300.png 225w, https:\/\/www.heat-international.de\/wp-content\/uploads\/2024\/06\/irene-edit.png 600w\" sizes=\"(max-width: 225px) 100vw, 225px\" title=\"irene-edit\"><\/div><div class=\"w-vwrapper usg_vwrapper_1\"><div class=\"w-hwrapper usg_hwrapper_2 wrap\" style=\"--hwrapper-gap:5px\"><div class=\"w-post-elm post_custom_field usg_post_custom_field_1 type_text team_first_name\"><span class=\"w-post-elm-value\">Irene<\/span><\/div><div class=\"w-post-elm post_custom_field usg_post_custom_field_4 type_text team_last_name\"><span class=\"w-post-elm-value\">Papst<\/span><\/div><\/div><div class=\"w-post-elm post_custom_field usg_post_custom_field_2 has_text_color type_text team_function color_link_inherit\"><span class=\"w-post-elm-value\">Senior Consultant | Business Area Koordinatorin Klimaschutz<\/span><\/div><div class=\"w-hwrapper usg_hwrapper_3\" style=\"--hwrapper-gap:0.3rem\"><a class=\"w-btn us-btn-style_6 usg_btn_1 icon_atleft text_none\" aria-label=\"Button\" href=\"mailto:Irene.papst@heat-international.de\"><i class=\"fas fa-envelope\"><\/i><\/a><a class=\"w-btn us-btn-style_6 usg_btn_2 icon_atleft text_none\" aria-label=\"Button\" target=\"_blank\" href=\"https:\/\/www.linkedin.com\/in\/irene-papst-900b093\/?originalSubdomain=de\" rel=\"noopener\"><i class=\"fab fa-linkedin\"><\/i><\/a><a class=\"w-btn us-btn-style_6 usg_btn_3 en_icon_btn\" href=\"https:\/\/www.heat-international.de\/de\/team\/irene-papst\/\"><span class=\"w-btn-label\">View Profile<\/span><\/a><\/div><\/div><\/div>\t\t<\/div>\r\n\t\t\t<\/article>\r\n<\/div>\t<div class=\"w-grid-preloader\">\r\n\t\t<div class=\"g-preloader type_1\">\r\n\t\t\t<div><\/div>\r\n\t\t<\/div>\r\n\t<\/div>\r\n\t\t<div class=\"w-grid-json hidden\" onclick='return {&quot;action&quot;:&quot;us_ajax_grid&quot;,&quot;infinite_scroll&quot;:0,&quot;max_num_pages&quot;:1,&quot;pagination&quot;:&quot;none&quot;,&quot;template_vars&quot;:{&quot;columns&quot;:&quot;2&quot;,&quot;exclude_items&quot;:&quot;none&quot;,&quot;img_size&quot;:&quot;default&quot;,&quot;ignore_items_size&quot;:0,&quot;items_layout&quot;:&quot;800&quot;,&quot;items_offset&quot;:&quot;1&quot;,&quot;load_animation&quot;:&quot;none&quot;,&quot;overriding_link&quot;:&quot;%7B%22url%22%3A%22%22%7D&quot;,&quot;post_id&quot;:0,&quot;query_args&quot;:{&quot;ignore_sticky_posts&quot;:1,&quot;post_type&quot;:&quot;any&quot;,&quot;post__in&quot;:[&quot;1301&quot;],&quot;posts_per_page&quot;:999},&quot;orderby_query_args&quot;:{&quot;orderby&quot;:{&quot;title&quot;:&quot;ASC&quot;},&quot;order&quot;:&quot;ASC&quot;},&quot;type&quot;:&quot;grid&quot;,&quot;us_grid_post_type&quot;:&quot;ids&quot;,&quot;us_grid_ajax_index&quot;:2,&quot;us_grid_filter_query_string&quot;:null,&quot;us_grid_index&quot;:2,&quot;page_args&quot;:[],&quot;lang&quot;:&quot;de&quot;}}'><\/div>\r\n\t<\/div><\/div><\/div><\/div><\/div><\/div><\/section>\n","protected":false},"excerpt":{"rendered":"","protected":false},"author":5,"featured_media":3691,"parent":1836,"menu_order":0,"comment_status":"closed","ping_status":"closed","template":"","meta":{"_acf_changed":false,"footnotes":""},"class_list":["post-1844","page","type-page","status-publish","has-post-thumbnail","hentry"],"acf":[],"_links":{"self":[{"href":"https:\/\/www.heat-international.de\/de\/wp-json\/wp\/v2\/pages\/1844","targetHints":{"allow":["GET"]}}],"collection":[{"href":"https:\/\/www.heat-international.de\/de\/wp-json\/wp\/v2\/pages"}],"about":[{"href":"https:\/\/www.heat-international.de\/de\/wp-json\/wp\/v2\/types\/page"}],"author":[{"embeddable":true,"href":"https:\/\/www.heat-international.de\/de\/wp-json\/wp\/v2\/users\/5"}],"replies":[{"embeddable":true,"href":"https:\/\/www.heat-international.de\/de\/wp-json\/wp\/v2\/comments?post=1844"}],"version-history":[{"count":2,"href":"https:\/\/www.heat-international.de\/de\/wp-json\/wp\/v2\/pages\/1844\/revisions"}],"predecessor-version":[{"id":3694,"href":"https:\/\/www.heat-international.de\/de\/wp-json\/wp\/v2\/pages\/1844\/revisions\/3694"}],"up":[{"embeddable":true,"href":"https:\/\/www.heat-international.de\/de\/wp-json\/wp\/v2\/pages\/1836"}],"wp:featuredmedia":[{"embeddable":true,"href":"https:\/\/www.heat-international.de\/de\/wp-json\/wp\/v2\/media\/3691"}],"wp:attachment":[{"href":"https:\/\/www.heat-international.de\/de\/wp-json\/wp\/v2\/media?parent=1844"}],"curies":[{"name":"wp","href":"https:\/\/api.w.org\/{rel}","templated":true}]}}