{"id":1841,"date":"2023-12-05T10:39:18","date_gmt":"2023-12-05T09:39:18","guid":{"rendered":"http:\/\/webseite2023.heat-international.de\/impressum\/"},"modified":"2025-01-09T08:53:08","modified_gmt":"2025-01-09T07:53:08","slug":"impressum","status":"publish","type":"page","link":"https:\/\/www.heat-international.de\/de\/impressum\/","title":{"rendered":"Impressum"},"content":{"rendered":"<h2><strong>HEAT GmbH<\/strong><\/h2>\n<p><strong>Habitat, Energy Application&amp;Technology<\/strong><\/p>\n<p>Seilerbahnweg 14<br \/>\n61462 K\u00f6nigstein<br \/>\nDeutschland<\/p>\n<p>Tel: +49 6174 96947 0<br \/>\nFax: +49 6174 9694725<br \/>\nE-mail: kontakt@heat-international.de<br \/>\nwww.heat-interantional.de<\/p>\n<h2><strong>Gesch\u00e4ftsf\u00fchrer<\/strong><\/h2>\n<p>Dietram Oppelt<\/p>\n<p>Dr. Daniel Wahby<\/p>\n<p>Verantwortlicher f\u00fcr den Inhalt nach \u00a718 Abs. 1 MStV: Dietram Oppelt<br \/>\nAmtsgericht K\u00f6nigstein, Handelsregisternummer: HRB 3705<br \/>\nSteuernummer: DE 153708051<\/p>\n<p>HEAT GmbH freut sich \u00fcberihr Interesse an ihren Produkten und Ihren Besuch auf dieser Website.<\/p>\n<h2><strong>HAFTUNG<\/strong><\/h2>\n<p>Die Informationen auf dieser Website wurden sorgf\u00e4ltig recherchiert und sorgf\u00e4ltig zusammengestellt. Die Informationen auf dieser Website werden jedoch &#8222;wie gesehen&#8220; und ohne ausdr\u00fcckliche oder stillschweigende Gew\u00e4hrleistung jeglicher Art bereitgestellt, einschlie\u00dflich (aber nicht beschr\u00e4nkt auf) stillschweigende Garantien der Marktg\u00e4ngigkeit, der Eignung f\u00fcr einen bestimmten Zweck oder der Nichtverletzung von Rechten Dritter<strong>. <\/strong>Obwohl davon ausgegangen wird, dass die bereitgestellten Informationen korrekt sind, k\u00f6nnen sie Fehler oder Ungenauigkeiten enthalten. In keinem Fall haftet die HEAT GmbH gegen\u00fcber einer Person f\u00fcr besondere, indirekte oder Folgesch\u00e4den im Zusammenhang mit diesem Material, es sei denn, sie wurden durch grobe Fahrl\u00e4ssigkeit oder vors\u00e4tzliches Fehlverhalten verursacht. Die HEAT GmbH ist f\u00fcr die Inhalte von Websites, die von Dritten unterhalten werden, nicht verantwortlich und lehnt daher ihre Haftung f\u00fcr Links von dieser Website zu anderen Websites ab.<\/p>\n<h2><strong>DATENSCHUTZ<\/strong><\/h2>\n<p>Bei der Nutzung unserer Dienste werden Sie m\u00f6glicherweise aufgefordert, personenbezogene Daten anzugeben. Die Angabe dieser Angaben ist freiwillig. Die von der HEAT GmbH auf ihrer Website erhobenen personenbezogenen Daten werden ausschlie\u00dflich f\u00fcr den Versand von Informationen im Zusammenhang mit dem Newsletter, den Dienstleistungen und Produkten des Unternehmens gespeichert und verwendet. Ihre personenbezogenen Daten werden in strikter \u00dcbereinstimmung mit den deutschen Datenschutzgesetzen verwendet<strong>. <\/strong>Ihre personenbezogenen Daten werden ausschlie\u00dflich von der HEAT GmbH und den mit ihr verbundenen Unternehmenseinheiten erhoben, verarbeitet und genutzt, um Ihre Auskunfts-, Beratungs- oder Vertragsanfragen zu bearbeiten. Eine Weitergabe Ihrer Daten an Dritte erfolgt nur mit Ihrer ausdr\u00fccklichen Einwilligung. Wir speichern Ihren Namen und Ihre Adresse sowie weitere von Ihnen angegebene personenbezogene Daten. Sie k\u00f6nnen Ihre Einwilligung jederzeit f\u00fcr die Zukunft widerrufen. Kontaktieren Sie uns dazu bitte unter <a href=\"mailto:kontakt@heat-international.de\">kontakt@heat-international.de<\/a>.<\/p>\n<h2><strong>URHEBERRECHTE<\/strong><\/h2>\n<p>\u00a9 Copyright HEAT GmbH, K\u00f6nigstein. Alle Rechte vorbehalten. Die Texte, Bilder, Grafiken, Animationsdateien sowie deren Gestaltung, Layout, Schriftart und Farbanordnung auf den HEAT GmbH-Websites unterliegen dem Schutz des Urheberrechts und anderer Schutzgesetze. Diese Objekte d\u00fcrfen ohne vorherige schriftliche Zustimmung der HEAT GmbH nicht kopiert oder vervielf\u00e4ltigt werden. Die Objekte d\u00fcrfen auch nicht f\u00fcr kommerzielle Zwecke oder zur Verbreitung kopiert oder reproduziert werden, noch d\u00fcrfen diese Objekte ver\u00e4ndert oder auf anderen Websites erneut ver\u00f6ffentlicht werden. Diese Website kann auch Bilder enthalten, deren Urheberrechte Dritten zuzurechnen sind.<\/p>\n<h2><strong>HANDELSMARKEN<\/strong><\/h2>\n<p>Soweit nicht anders angegeben, unterliegen alle Markenzeichen auf dieser Website den Markenrechten der HEAT GmbH einschlie\u00dflich Marken, Modellnamen, Logos (diese Website kann auch Logos enthalten, deren Markenzeichen Dritten zuzurechnen sind) und Emblemen.<\/p>\n<h2><strong>KONZEPT UND KOORDINATION<\/strong><\/h2>\n<p>Claudia Becker | HEAT GmbH<\/p>\n<h2>Design &amp; Umsetzung Website<\/h2>\n<p><a title=\"Elbnetz GmbH, die WordPress Agentur\" href=\"https:\/\/elbnetz.com\/\" target=\"_blank\" rel=\"noopener\">Elbnetz GmbH, die WordPress Agentur<\/a><\/p>\n<h2><strong>CMS<\/strong><\/h2>\n<p>WordPress<\/p>\n<h2><strong>FOTONACHWEISE<\/strong><\/h2>\n<p><span>HEAT GmbH; istockphoto; Canva<\/span><\/p>\n","protected":false},"excerpt":{"rendered":"<p>HEAT GmbH Habitat, Energy Application&amp;Technology Seilerbahnweg 14 61462 K\u00f6nigstein Deutschland Tel: +49 6174 96947 0 Fax: +49 6174 9694725 E-mail: kontakt@heat-international.de www.heat-interantional.de Gesch\u00e4ftsf\u00fchrer Dietram Oppelt Dr. Daniel Wahby Verantwortlicher f\u00fcr den Inhalt nach \u00a718 Abs. 1 MStV: Dietram Oppelt Amtsgericht K\u00f6nigstein, Handelsregisternummer: HRB 3705 Steuernummer: DE 153708051 HEAT GmbH freut sich \u00fcberihr Interesse an ihren&#8230;<\/p>\n","protected":false},"author":5,"featured_media":2346,"parent":0,"menu_order":0,"comment_status":"closed","ping_status":"closed","template":"","meta":{"_acf_changed":false,"footnotes":""},"class_list":["post-1841","page","type-page","status-publish","has-post-thumbnail","hentry"],"acf":[],"_links":{"self":[{"href":"https:\/\/www.heat-international.de\/de\/wp-json\/wp\/v2\/pages\/1841","targetHints":{"allow":["GET"]}}],"collection":[{"href":"https:\/\/www.heat-international.de\/de\/wp-json\/wp\/v2\/pages"}],"about":[{"href":"https:\/\/www.heat-international.de\/de\/wp-json\/wp\/v2\/types\/page"}],"author":[{"embeddable":true,"href":"https:\/\/www.heat-international.de\/de\/wp-json\/wp\/v2\/users\/5"}],"replies":[{"embeddable":true,"href":"https:\/\/www.heat-international.de\/de\/wp-json\/wp\/v2\/comments?post=1841"}],"version-history":[{"count":5,"href":"https:\/\/www.heat-international.de\/de\/wp-json\/wp\/v2\/pages\/1841\/revisions"}],"predecessor-version":[{"id":3415,"href":"https:\/\/www.heat-international.de\/de\/wp-json\/wp\/v2\/pages\/1841\/revisions\/3415"}],"wp:featuredmedia":[{"embeddable":true,"href":"https:\/\/www.heat-international.de\/de\/wp-json\/wp\/v2\/media\/2346"}],"wp:attachment":[{"href":"https:\/\/www.heat-international.de\/de\/wp-json\/wp\/v2\/media?parent=1841"}],"curies":[{"name":"wp","href":"https:\/\/api.w.org\/{rel}","templated":true}]}}